{"id":1949,"date":"2024-10-25T12:24:13","date_gmt":"2024-10-25T12:24:13","guid":{"rendered":"https:\/\/www.swissotel-poianabrasov.ro\/?page_id=1949"},"modified":"2026-02-03T14:15:07","modified_gmt":"2026-02-03T14:15:07","slug":"spa-menue","status":"publish","type":"page","link":"https:\/\/www.swissotel-poianabrasov.ro\/de\/purovel-spa-sport\/spa-menue\/","title":{"rendered":"Spa-Men\u00fc"},"content":{"rendered":"<h4>\u00d6ffnungszeiten<\/h4>\n<p>\u00d6ffnungszeiten:<br \/>\n\u25cf Fitnessraum 7:00\u201321:00<br \/>\n\u25cf Spa-Behandlungen und Einrichtungen 10:00\u201321:00<\/p>\n<p>P\u00fcrovel Spa &amp; Sport Poiana Bra\u0219ov bietet ein intimes Erlebnis, das vom Konzept des privaten Spas inspiriert ist. Der Zugang zu unserem Boutique-Spa und den Behandlungen erfordert eine Reservierung, damit jeder Gast eine ruhige Umgebung genie\u00dfen kann, die unser Engagement f\u00fcr personalisierte Entspannung widerspiegelt.<\/p>\n<p>F\u00fcr Terminvereinbarungen wenden Sie sich bitte an die Hotelrezeption oder per E-Mail an: <a href=\"mailto:poianabrasov.info@swissotel.com\">poianabrasov.info@swissotel.com<\/a>.<br \/>\nTelefon: <a href=\"tel:+40368520500\">0040(0)368520500<\/a><\/p>\n<p>Inspiriert von der Natur, gen\u00e4hrt durch hochwertige Produkte und betreut von unseren hochqualifizierten Therapeuten.<\/p>\n<h4><b>Die P\u00fcrovel-Philosophie: Die Natur als ultimative Heilerin<\/b><\/h4>\n<p>Inspiriert von der Reinheit der Schweizer Alpen integriert P\u00fcrovel Spa &amp; Sport die nat\u00fcrlichen Rhythmen der Jahreszeiten in seinen Wellness-Ansatz. Diese Philosophie ist in jede Behandlung eingewoben und verbindet moderne Wellness-Techniken mit nat\u00fcrlichen Elementen, um ein ganzheitliches, tief personalisiertes Erlebnis f\u00fcr jeden Gast zu schaffen.<\/p>\n<p>Ein Boutique-Retreat in den Karpaten. P\u00fcrovel Spa &amp; Sport Poiana Bra\u0219ov wurde entwickelt, um Intimit\u00e4t und Abgeschiedenheit zu bieten. Als Boutique-Spa erm\u00f6glicht es ein pers\u00f6nlicheres und ruhigeres Erlebnis, bei dem G\u00e4ste in die Ruhe der Karpaten eintauchen k\u00f6nnen \u2013 frei von Ablenkungen. Das Design, das Wasser, Stein und Holz integriert, schafft eine erdende Umgebung, die die Verbindung zwischen Wohlbefinden und Natur st\u00e4rkt.<\/p>\n<p>&nbsp;<\/p>\n<h4><b>Produktphilosophie<\/b><\/h4>\n<p>Bei der Auswahl der Produktmarken f\u00fcr unser Spa wurden wir von einer klaren Vision geleitet: unseren G\u00e4sten h\u00f6chste Qualit\u00e4t, Nachhaltigkeit und Luxus zu bieten. In jedem Schritt haben wir Umweltvertr\u00e4glichkeit priorisiert und die Essenz schweizerischer Exzellenz integriert, sodass unsere Entscheidungen sowohl die Sorge um den Planeten als auch unser Engagement f\u00fcr h\u00f6chste Standards widerspiegeln.<\/p>\n<p>Unsere Partnerschaften mit diesen erstklassigen Marken garantieren, dass jedes Erlebnis in unserem Spa durch die besten Produkte und fachkundige Schulungen unterst\u00fctzt wird. In der P\u00fcrovel Spa &amp; Sport Boutique finden Sie eine gro\u00dfe Auswahl an hochwertigen Produkten, darunter die Kerstin-Florian-Linie und Niance-Essentials, sodass Sie ein St\u00fcck Spa-Luxus mit nach Hause nehmen und die Vorteile Ihres Aufenthalts lange nach Ihrem Besuch genie\u00dfen k\u00f6nnen.<\/p>\n<h4><b>P\u00fcrovel Spa &amp; Sport Einrichtungen: <\/b><b>Individuelles Wohlbefinden in einem intimen Rahmen<\/b><\/h4>\n<p>Ob Massage, Gesichts- oder K\u00f6rperbehandlung \u2013 jede Sitzung wird sorgf\u00e4ltig auf Ihre Bed\u00fcrfnisse abgestimmt und nutzt die heilenden Eigenschaften der alpinen Umgebung. Dieser private Rahmen erm\u00f6glicht es Ihnen, vollst\u00e4ndig abzuschalten und in Ruhe neue Energie zu tanken, fernab der Menschenmengen gr\u00f6\u00dferer Spas.<\/p>\n<p>Als Boutique-Spa bietet P\u00fcrovel Spa &amp; Sport eine Auswahl exklusiver Annehmlichkeiten, die auf Komfort und Privatsph\u00e4re ausgelegt sind: einen Fitnessbereich, eine Trockensauna, Innen- und Au\u00dfenjacuzzis zur Muskelentspannung sowie private Behandlungsr\u00e4ume mit hochwertigen, nachhaltigen Produkten.<\/p>\n<h4><strong>Signature-Behandlungen &amp; kraftvolle Vitalit\u00e4t<\/strong><\/h4>\n<p>In der Schweiz leben wir Vitalit\u00e4t durch Wanderungen in den Alpen, den Genuss biologischer Lebensmittel und Fitness nach unseren eigenen Vorstellungen. Wo immer wir hingehen, tragen wir diese Vitalit\u00e4t mit uns. Vitality ist mehr als eine Philosophie \u2013 es ist ein Lebensstilprogramm, das Ihr Wohlbefinden und Ihre Lebensqualit\u00e4t steigert. Mit unz\u00e4hligen M\u00f6glichkeiten, k\u00f6rperliche und geistige Fitness in Ihrem eigenen Tempo und in Ihrer Komfortzone zu f\u00f6rdern, sorgt Vitality daf\u00fcr, dass Sie sich unterwegs genauso erfrischt f\u00fchlen wie zu Hause.<\/p>\n<h5>P\u00fcrovel Mountain Stone Massage \u2013 80 Minuten<\/h5>\n<p>Inspiriert von Schweizer Bergsteinen vereint diese Behandlung Techniken aus Ost und West, um Muskelverspannungen zu l\u00f6sen und die Blut- und Lymphzirkulation zu f\u00f6rdern. Warme vulkanische Steine, kombiniert mit n\u00e4hrenden \u00e4therischen \u00d6len und der heilenden Ber\u00fchrung erfahrener H\u00e4nde, dringen tief in m\u00fcde, verspannte Muskeln ein und erm\u00f6glichen Ihnen, in tiefe Entspannung und innere Ruhe zu gleiten.<\/p>\n<h5>Erfrischende Entspannungsmassage \u2013 50\/80 Minuten<\/h5>\n<p>Diese individuell abgestimmte Entspannungsmassage verwendet lange, beruhigende Streichungen, um Verspannungen zu l\u00f6sen, Muskeln zu entspannen und das lymphatische sowie das Kreislaufsystem zu unterst\u00fctzen. Ideal nach einer langen Reise wird diese Massage durch den erfrischenden Duft von Lavendel erg\u00e4nzt, der hilft, den Geist zu beruhigen und Sie in einen erholsamen Zustand zu f\u00fchren.<\/p>\n<h5>Wohlbefinden &amp; Muskelregeneration Massage \u2013 50\/80 Minuten<\/h5>\n<p>F\u00fcr aktive Menschen entwickelt, ist diese mittel- bis tiefdruckvolle Ganzk\u00f6rpermassage auf Muskelregeneration und allgemeine Vitalit\u00e4t ausgerichtet. Mit \u00e4therischen \u00d6len, die m\u00fcde Muskeln w\u00e4rmen und beruhigen, lindert sie Schmerzen und Verspannungen, f\u00f6rdert bessere Energielevels, erholsamen Schlaf und ein gesteigertes Wohlbefinden.<\/p>\n<p>&nbsp;<\/p>\n<h4><b>Kerstin Florian\u00a0<\/b><b><\/b><\/h4>\n<h5><b>3 R\u2019s Facial<\/b><\/h5>\n<p>Die luxuri\u00f6sen, ergebnisorientierten Gesichtsbehandlungen von Kerstin Florian heben Hautpflege auf ein au\u00dfergew\u00f6hnliches Niveau und beinhalten charakteristische Gesichtsmassagetechniken.<\/p>\n<h5>KF Customised Mountain Perfection \u2013 80 Minuten<\/h5>\n<p>Ergebnisse, Ergebnisse, Ergebnisse.<br \/>\nGenie\u00dfen Sie totale Entspannung mit einer Massage f\u00fcr H\u00e4nde, F\u00fc\u00dfe, Kopfhaut und Gesicht. Unsere professionellen Therapeuten analysieren Ihre Haut und w\u00e4hlen basierend auf Ihren Vorlieben die ideale Kombination aus Produkten und Techniken f\u00fcr maximale Ergebnisse. Angereichert mit reinem Schweizer Alpenwasser, wild geernteten Kr\u00e4utern, Vitaminen, Probiotika und Peptiden sorgt diese Behandlung f\u00fcr sichtbare Verj\u00fcngung und Revitalisierung.<\/p>\n<p>&nbsp;<\/p>\n<h4><b>Erfrischende K\u00f6rperbehandlungen<\/b><\/h4>\n<p>Die charakteristischen K\u00f6rperbehandlungen von KF verbinden globale Heiltraditionen mit einem modernen und luxuri\u00f6sen Touch und bieten hochwirksame und regenerierende Wellness-Erlebnisse.<\/p>\n<h5>KF Belebendes Salzpeeling \u2013 50 Minuten<\/h5>\n<p>Erfrischen Sie sich mit belebenden Aromen und einem revitalisierenden K\u00f6rperpeeling, gefolgt von einer warmen Abwaschung mit Kompressen. Die Behandlung endet mit einer n\u00e4hrenden, mineralreichen K\u00f6rpercreme, die Sie voller Energie und Erneuerung zur\u00fcckl\u00e4sst. Ein perfekter Neustart f\u00fcr ein neues Ich.<\/p>\n<h5>KF Aromatherapie-Peeling &amp; Entspannung \u2013 50 Minuten<\/h5>\n<p>Genie\u00dfen Sie ein beruhigendes Peeling, angereichert mit Mineralien und kombiniert mit einem aromatischen \u00d6l, das durch ein intuitives Ritual ausgew\u00e4hlt wird. Das Erlebnis wird mit einer langsamen, entspannenden Massage abgerundet, die Sie in einen Zustand tiefer Ruhe f\u00fchrt.<\/p>\n<h5>KF N\u00e4hrendes Peeling &amp; K\u00f6rperpackung \u2013 80 Minuten<\/h5>\n<p>Diese Behandlung umfasst eine intuitive Auswahl aromatischer \u00d6le, ein revitalisierendes Peeling und eine beruhigende K\u00f6rperpackung. Akupressurpunkte im Gesicht und auf der Kopfhaut werden stimuliert, um optimale Hydration, Entspannung und Pflege zu gew\u00e4hrleisten \u2013 abgestimmt auf Ihr gew\u00e4hltes Aroma\u00f6l.<\/p>\n<h5>KF Mineralische K\u00f6rperpackung \u2013 80 Minuten<\/h5>\n<p>Entwickelt f\u00fcr ersch\u00f6pfte oder beanspruchte K\u00f6rper. Die Behandlung beginnt mit einer Trockenb\u00fcrstung zur Anregung des Lymphsystems, gefolgt von warmen, mineralhaltigen Kompressen, die wie ein Toner \u00fcber den K\u00f6rper gelegt werden. Eine therapeutische Packung mit mineralreicher K\u00f6rpercreme und ingwerinfundiertem Aroma\u00f6l f\u00f6rdert die Durchblutung und Regeneration. W\u00e4hrend der Packung werden Akupressurpunkte am Kopf und an den F\u00fc\u00dfen aktiviert, um eine tiefere Heilwirkung zu erzielen.<\/p>\n<h4><b>Wellbeing Massagen<\/b><\/h4>\n<h5>KF Neroli Blossom Sensory Massage \u2013 50\/80 Minuten<\/h5>\n<p>Ergebnis: ANTI-STRESS<br \/>\nEine therapeutische, energieausgleichende und meditative Ganzk\u00f6rpermassage, die darauf ausgelegt ist, K\u00f6rper und Geist zu revitalisieren. Der beruhigende Duft von Neroli, kombiniert mit warmen Steinen sowie Fu\u00df- und Gesichtsakupressur, f\u00fchrt zu tiefer Entspannung und Stressabbau.<\/p>\n<h5>KF Bambus-Massage \u2013 50\/80 Minuten<\/h5>\n<p>Ergebnis: MUSKELN &amp; GELENKE, DETOX<br \/>\nEin ganzheitliches und therapeutisches Massageerlebnis, das durch den Einsatz von Bambusst\u00e4ben intensiviert wird. Diese Behandlung f\u00f6rdert die Durchblutung, entspannt verspannte Muskeln, sorgt f\u00fcr tiefe Entspannung und unterst\u00fctzt die Entgiftung.<\/p>\n<h5>KF Gua Sha Vital Body Massage \u2013 80 Minuten<\/h5>\n<p>Ergebnis: DETOX, AGELESS<br \/>\nDiese straffende Massage, angereichert mit aktiven \u00e4therischen \u00d6len, verbessert die Hautelastizit\u00e4t, entgiftet den K\u00f6rper und verleiht eine jugendliche Ausstrahlung.<\/p>\n<h5>KF Reflexzonenmassage \u2013 50 Minuten<\/h5>\n<p>Eine tief entspannende Therapie, die spezifische Reflexpunkte an den F\u00fc\u00dfen stimuliert und hilft, k\u00f6rperliche, mentale und emotionale Ebenen ins Gleichgewicht zu bringen. Ideal zur Stressreduktion und zur Wiederherstellung des allgemeinen Wohlbefindens.<br \/>\nWellbeing-Ziele: Stress, Angst und Schmerzen \/ Schwaches Immunsystem \/ Energiemangel<\/p>\n<h5>Kerstin Florian Half Day Package \u2013 Geschenke der Natur (180 Minuten)<\/h5>\n<p>Stellen Sie Vitalit\u00e4t wieder her, l\u00f6sen Sie Muskelverspannungen und steigern Sie Ihre Energie mit diesem revitalisierenden Paket.<\/p>\n<ul>\n<li>N\u00e4hrendes K\u00f6rperpeeling \u2013 50 MINUTEN<\/li>\n<li>Entspannende Bambus-Massage \u2013 50 MINUTEN<\/li>\n<li>Regenerierende und korrigierende Gesichtsbehandlung \u2013 80 MINUTEN<\/li>\n<\/ul>\n<h5>Kerstin Florian Full Day Package \u2013 Gesundes Leben (Gesamt 230 Minuten)<\/h5>\n<p>Morning Experience (100 Min): Wecken Sie Ihre Sinne mit einem ausgleichenden, mineralreichen Peeling, gefolgt von einer Massage, die Akupressur, warme Steine und Aromatherapie kombiniert \u2013 f\u00fcr einen harmonischen Start in den Tag.<\/p>\n<ul>\n<li>Revitalisierendes K\u00f6rperpeeling \u2013 50 MINUTEN<\/li>\n<li>Neroli Sensory Massage \u2013 50 MINUTEN<\/li>\n<\/ul>\n<p>Evening Chill (130 Min): Beenden Sie den Tag mit einer regenerationsorientierten Massage zur Verbesserung des Schlafs und zur Wiederherstellung des inneren Gleichgewichts, gefolgt von einer ma\u00dfgeschneiderten Gesichtsbehandlung f\u00fcr vollkommene Perfektion und Erfrischung.<\/p>\n<ul>\n<li>Individuelle Massage \u2013 50 MINUTEN<\/li>\n<li>Ma\u00dfgeschneiderte Gesichtsbehandlung \u2013 80 MINUTEN<\/li>\n<\/ul>\n<h4><strong>Niance Luxury Facials<\/strong><\/h4>\n<p>Bei NIANCE k\u00fcmmern wir uns um die Hautoberfl\u00e4che und alles dar\u00fcber hinaus, um sicherzustellen, dass Ihr ganzheitliches Sch\u00f6nheitsritual perfekt auf Haut, K\u00f6rper, Geist und Seele abgestimmt ist.<br \/>\nNIANCE verbindet h\u00f6chste Standards nat\u00fcrlicher Wirkstoffe mit modernster klinischer Forschung aus der Schweiz und bietet nachweisliche und nachhaltige Ergebnisse.<\/p>\n<h5>Niance Deluxe \u2013 Luxury Anti-aging Treatment \u2013 80 Minuten<\/h5>\n<p>Diese Premium-Behandlung verleiht der Haut Festigkeit und Geschmeidigkeit, versorgt sie mit essenziellen Mikron\u00e4hrstoffen und tiefenwirksamer Feuchtigkeit, um feine Linien und Falten zu reduzieren. Eine verbesserte Mikrozirkulation sorgt f\u00fcr einen strahlenden Teint, w\u00e4hrend eine spezielle Augenpflege Anzeichen von M\u00fcdigkeit reduziert. Eine vollst\u00e4ndige Massage von Gesicht, Hals und Dekollet\u00e9 stimuliert die Durchblutung und st\u00e4rkt die Gesichtskonturen \u2013 ideal f\u00fcr anspruchsvolle Haut.<\/p>\n<h5>Niance Men Power \u2013 80 Minuten<\/h5>\n<p>Speziell f\u00fcr M\u00e4nner entwickelt, stellt diese Behandlung die Widerstandskraft und Festigkeit der Haut durch eine kraftvolle Kombination aus Mikron\u00e4hrstoffen und Feuchtigkeit wieder her. Der Augenbereich erh\u00e4lt besondere Aufmerksamkeit, sodass die Haut glatt, gesund und revitalisiert erscheint.<br \/>\nEnth\u00e4lt: NIANCE Ritual, Nackenmassage, Reinigung, Peeling, Gesichts- und Augenserum, Maske, Hand-\/Armpflege und Schweizer Kristallmassage.<\/p>\n<h5>Add-On: Niance Eye Deluxe \u2013 20 Minuten<\/h5>\n<p>Eine luxuri\u00f6se Express-Behandlung, die speziell f\u00fcr die empfindliche Augenpartie entwickelt wurde. Reduziert Trockenheit, Falten, dunkle Schatten und Schwellungen f\u00fcr strahlende, jugendliche Augen. Enth\u00e4lt die Premium Glacier Facial Linie und eine konzentrierte Lifting-Maske f\u00fcr einen sofortigen Straffungseffekt.<\/p>\n<h4>Niance New You Rituals<\/h4>\n<h5>Niance Extravagance \u2013 110 Minuten: Luxury Multi-Anti-aging Face &amp; Body Treatment<\/h5>\n<p>Genie\u00dfen Sie ein luxuri\u00f6ses K\u00f6rperritual, das verfeinert, reinigt und verj\u00fcngt. Das Anti-Aging-Peeling verbessert den Teint und reinigt die Haut tiefenwirksam, gefolgt von der Anwendung des Premium Glacier Body Serums, das strafft, die Taille, H\u00fcften und Oberschenkel reduziert und Cellulite minimiert. Entspannen Sie bei einer einzigartigen Serpentinstein-Massage mit kostbaren NIANCE\u00ae Anti-Aging-\u00d6len. Die Behandlung endet mit einer Gesichtsbehandlung, die das Gesicht modelliert und definiert, einer Augenmassage f\u00fcr strahlende Augen sowie einer revitalisierenden Kopf- und Gesichtsmassage.<\/p>\n<h5>Niance Men Complete \u2013 110 Minuten: Luxury Multi-Anti-aging Face &amp; Body Treatment for Men<\/h5>\n<p>F\u00fcr M\u00e4nner entwickelt, reinigt und revitalisiert diese Anti-Aging-K\u00f6rperbehandlung tiefenwirksam. Das Premium Glacier Body Serum strafft und remineralisiert, w\u00e4hrend eine Serpentinstein-Massage mit NIANCE\u00ae Anti-Aging-\u00d6len Verspannungen l\u00f6st. Das Erlebnis endet mit einer Gesichtsbehandlung zur Konturdefinition, einer Augenmassage f\u00fcr erfrischte Augen sowie einer Kopf- und Gesichtsmassage zur Wiederherstellung der Vitalit\u00e4t.<\/p>\n<h5>Niance Retreat \u2013 80 Minuten: Luxury Anti-aging Body Treatment<\/h5>\n<p>Dieses luxuri\u00f6se K\u00f6rperritual verfeinert und reinigt die Haut tiefenwirksam mit einem Anti-Aging-Peeling. Das Premium Glacier Body Serum, angewendet mit einer speziellen NIANCE Technik, strafft, reduziert Fett und minimiert Cellulite. Eine entspannende Serpentinstein-Massage folgt, ausgef\u00fchrt mit hochwertigen Anti-Aging-\u00d6len, und die Behandlung endet mit den formenden und straffenden Vorteilen der Premium Glacier Body Cream.<\/p>\n<p>Bitte beachten Sie die Etikette des P\u00fcrovel Spa &amp; Sport Poiana Bra\u0219ov an diesem <a href=\"https:\/\/www.swissotel-poianabrasov.ro\/en\/purovel-spa-sport\/etiquette\/\">Standort<\/a>.<\/p>\n","protected":false},"excerpt":{"rendered":"<p>\u00d6ffnungszeiten \u00d6ffnungszeiten: \u25cf Fitnessraum 7:00\u201321:00 \u25cf Spa-Behandlungen und Einrichtungen 10:00\u201321:00 P\u00fcrovel Spa &amp; Sport Poiana Bra\u0219ov bietet ein intimes Erlebnis, das vom Konzept des privaten Spas inspiriert ist. Der Zugang zu unserem Boutique-Spa und den Behandlungen erfordert eine Reservierung, damit jeder Gast eine ruhige Umgebung genie\u00dfen kann, die unser Engagement f\u00fcr personalisierte Entspannung widerspiegelt. F\u00fcr [&hellip;]<\/p>\n","protected":false},"author":196,"featured_media":1188,"parent":412,"menu_order":0,"comment_status":"closed","ping_status":"closed","template":"template-spa.php","meta":{"footnotes":""},"categories":[],"class_list":["post-1949","page","type-page","status-publish","has-post-thumbnail","hentry"],"acf":[],"yoast_head":"<!-- This site is optimized with the Yoast SEO plugin v26.9 - https:\/\/yoast.com\/product\/yoast-seo-wordpress\/ -->\n<title>Spa-Men\u00fc - Swiss\u00f4tel Poiana Brasov<\/title>\n<meta name=\"robots\" content=\"index, follow, max-snippet:-1, max-image-preview:large, max-video-preview:-1\" \/>\n<link rel=\"canonical\" href=\"https:\/\/www.swissotel-poianabrasov.ro\/de\/purovel-spa-sport\/spa-menue\/\" \/>\n<meta property=\"og:locale\" content=\"de_DE\" \/>\n<meta property=\"og:type\" content=\"article\" \/>\n<meta property=\"og:title\" content=\"Spa-Men\u00fc - Swiss\u00f4tel Poiana Brasov\" \/>\n<meta property=\"og:description\" content=\"\u00d6ffnungszeiten \u00d6ffnungszeiten: \u25cf Fitnessraum 7:00\u201321:00 \u25cf Spa-Behandlungen und Einrichtungen 10:00\u201321:00 P\u00fcrovel Spa &amp; Sport Poiana Bra\u0219ov bietet ein intimes Erlebnis, das vom Konzept des privaten Spas inspiriert ist. Der Zugang zu unserem Boutique-Spa und den Behandlungen erfordert eine Reservierung, damit jeder Gast eine ruhige Umgebung genie\u00dfen kann, die unser Engagement f\u00fcr personalisierte Entspannung widerspiegelt. F\u00fcr [&hellip;]\" \/>\n<meta property=\"og:url\" content=\"https:\/\/www.swissotel-poianabrasov.ro\/de\/purovel-spa-sport\/spa-menue\/\" \/>\n<meta property=\"og:site_name\" content=\"Swiss\u00f4tel Poiana Brasov\" \/>\n<meta property=\"article:modified_time\" content=\"2026-02-03T14:15:07+00:00\" \/>\n<meta property=\"og:image\" content=\"https:\/\/www.swissotel-poianabrasov.ro\/wp-content\/uploads\/sites\/97\/2025\/04\/swissescape1-1024x683.jpg\" \/>\n\t<meta property=\"og:image:width\" content=\"1024\" \/>\n\t<meta property=\"og:image:height\" content=\"683\" \/>\n\t<meta property=\"og:image:type\" content=\"image\/jpeg\" \/>\n<meta name=\"twitter:card\" content=\"summary_large_image\" \/>\n<meta name=\"twitter:label1\" content=\"Gesch\u00e4tzte Lesezeit\" \/>\n\t<meta name=\"twitter:data1\" content=\"10 Minuten\" \/>\n<script type=\"application\/ld+json\" class=\"yoast-schema-graph\">{\"@context\":\"https:\/\/schema.org\",\"@graph\":[{\"@type\":\"WebPage\",\"@id\":\"https:\/\/www.swissotel-poianabrasov.ro\/de\/purovel-spa-sport\/spa-menue\/\",\"url\":\"https:\/\/www.swissotel-poianabrasov.ro\/de\/purovel-spa-sport\/spa-menue\/\",\"name\":\"Spa-Men\u00fc - Swiss\u00f4tel Poiana Brasov\",\"isPartOf\":{\"@id\":\"https:\/\/www.swissotel-poianabrasov.ro\/#website\"},\"primaryImageOfPage\":{\"@id\":\"https:\/\/www.swissotel-poianabrasov.ro\/de\/purovel-spa-sport\/spa-menue\/#primaryimage\"},\"image\":{\"@id\":\"https:\/\/www.swissotel-poianabrasov.ro\/de\/purovel-spa-sport\/spa-menue\/#primaryimage\"},\"thumbnailUrl\":\"https:\/\/www.swissotel-poianabrasov.ro\/wp-content\/uploads\/sites\/97\/2025\/04\/swissescape1.jpg\",\"datePublished\":\"2024-10-25T12:24:13+00:00\",\"dateModified\":\"2026-02-03T14:15:07+00:00\",\"breadcrumb\":{\"@id\":\"https:\/\/www.swissotel-poianabrasov.ro\/de\/purovel-spa-sport\/spa-menue\/#breadcrumb\"},\"inLanguage\":\"de-DE\",\"potentialAction\":[{\"@type\":\"ReadAction\",\"target\":[\"https:\/\/www.swissotel-poianabrasov.ro\/de\/purovel-spa-sport\/spa-menue\/\"]}]},{\"@type\":\"ImageObject\",\"inLanguage\":\"de-DE\",\"@id\":\"https:\/\/www.swissotel-poianabrasov.ro\/de\/purovel-spa-sport\/spa-menue\/#primaryimage\",\"url\":\"https:\/\/www.swissotel-poianabrasov.ro\/wp-content\/uploads\/sites\/97\/2025\/04\/swissescape1.jpg\",\"contentUrl\":\"https:\/\/www.swissotel-poianabrasov.ro\/wp-content\/uploads\/sites\/97\/2025\/04\/swissescape1.jpg\",\"width\":1900,\"height\":1267},{\"@type\":\"BreadcrumbList\",\"@id\":\"https:\/\/www.swissotel-poianabrasov.ro\/de\/purovel-spa-sport\/spa-menue\/#breadcrumb\",\"itemListElement\":[{\"@type\":\"ListItem\",\"position\":1,\"name\":\"Home\",\"item\":\"https:\/\/www.swissotel-poianabrasov.ro\/de\/\"},{\"@type\":\"ListItem\",\"position\":2,\"name\":\"P\u00fcrovel Spa &amp; Sport\",\"item\":\"https:\/\/www.swissotel-poianabrasov.ro\/de\/purovel-spa-sport\/\"},{\"@type\":\"ListItem\",\"position\":3,\"name\":\"Spa-Men\u00fc\"}]},{\"@type\":\"WebSite\",\"@id\":\"https:\/\/www.swissotel-poianabrasov.ro\/#website\",\"url\":\"https:\/\/www.swissotel-poianabrasov.ro\/\",\"name\":\"Swiss\u00f4tel Poiana Brasov\",\"description\":\"\",\"potentialAction\":[{\"@type\":\"SearchAction\",\"target\":{\"@type\":\"EntryPoint\",\"urlTemplate\":\"https:\/\/www.swissotel-poianabrasov.ro\/?s={search_term_string}\"},\"query-input\":{\"@type\":\"PropertyValueSpecification\",\"valueRequired\":true,\"valueName\":\"search_term_string\"}}],\"inLanguage\":\"de-DE\"}]}<\/script>\n<!-- \/ Yoast SEO plugin. -->","yoast_head_json":{"title":"Spa-Men\u00fc - Swiss\u00f4tel Poiana Brasov","robots":{"index":"index","follow":"follow","max-snippet":"max-snippet:-1","max-image-preview":"max-image-preview:large","max-video-preview":"max-video-preview:-1"},"canonical":"https:\/\/www.swissotel-poianabrasov.ro\/de\/purovel-spa-sport\/spa-menue\/","og_locale":"de_DE","og_type":"article","og_title":"Spa-Men\u00fc - Swiss\u00f4tel Poiana Brasov","og_description":"\u00d6ffnungszeiten \u00d6ffnungszeiten: \u25cf Fitnessraum 7:00\u201321:00 \u25cf Spa-Behandlungen und Einrichtungen 10:00\u201321:00 P\u00fcrovel Spa &amp; Sport Poiana Bra\u0219ov bietet ein intimes Erlebnis, das vom Konzept des privaten Spas inspiriert ist. Der Zugang zu unserem Boutique-Spa und den Behandlungen erfordert eine Reservierung, damit jeder Gast eine ruhige Umgebung genie\u00dfen kann, die unser Engagement f\u00fcr personalisierte Entspannung widerspiegelt. F\u00fcr [&hellip;]","og_url":"https:\/\/www.swissotel-poianabrasov.ro\/de\/purovel-spa-sport\/spa-menue\/","og_site_name":"Swiss\u00f4tel Poiana Brasov","article_modified_time":"2026-02-03T14:15:07+00:00","og_image":[{"width":1024,"height":683,"url":"https:\/\/www.swissotel-poianabrasov.ro\/wp-content\/uploads\/sites\/97\/2025\/04\/swissescape1-1024x683.jpg","type":"image\/jpeg"}],"twitter_card":"summary_large_image","twitter_misc":{"Gesch\u00e4tzte Lesezeit":"10 Minuten"},"schema":{"@context":"https:\/\/schema.org","@graph":[{"@type":"WebPage","@id":"https:\/\/www.swissotel-poianabrasov.ro\/de\/purovel-spa-sport\/spa-menue\/","url":"https:\/\/www.swissotel-poianabrasov.ro\/de\/purovel-spa-sport\/spa-menue\/","name":"Spa-Men\u00fc - Swiss\u00f4tel Poiana Brasov","isPartOf":{"@id":"https:\/\/www.swissotel-poianabrasov.ro\/#website"},"primaryImageOfPage":{"@id":"https:\/\/www.swissotel-poianabrasov.ro\/de\/purovel-spa-sport\/spa-menue\/#primaryimage"},"image":{"@id":"https:\/\/www.swissotel-poianabrasov.ro\/de\/purovel-spa-sport\/spa-menue\/#primaryimage"},"thumbnailUrl":"https:\/\/www.swissotel-poianabrasov.ro\/wp-content\/uploads\/sites\/97\/2025\/04\/swissescape1.jpg","datePublished":"2024-10-25T12:24:13+00:00","dateModified":"2026-02-03T14:15:07+00:00","breadcrumb":{"@id":"https:\/\/www.swissotel-poianabrasov.ro\/de\/purovel-spa-sport\/spa-menue\/#breadcrumb"},"inLanguage":"de-DE","potentialAction":[{"@type":"ReadAction","target":["https:\/\/www.swissotel-poianabrasov.ro\/de\/purovel-spa-sport\/spa-menue\/"]}]},{"@type":"ImageObject","inLanguage":"de-DE","@id":"https:\/\/www.swissotel-poianabrasov.ro\/de\/purovel-spa-sport\/spa-menue\/#primaryimage","url":"https:\/\/www.swissotel-poianabrasov.ro\/wp-content\/uploads\/sites\/97\/2025\/04\/swissescape1.jpg","contentUrl":"https:\/\/www.swissotel-poianabrasov.ro\/wp-content\/uploads\/sites\/97\/2025\/04\/swissescape1.jpg","width":1900,"height":1267},{"@type":"BreadcrumbList","@id":"https:\/\/www.swissotel-poianabrasov.ro\/de\/purovel-spa-sport\/spa-menue\/#breadcrumb","itemListElement":[{"@type":"ListItem","position":1,"name":"Home","item":"https:\/\/www.swissotel-poianabrasov.ro\/de\/"},{"@type":"ListItem","position":2,"name":"P\u00fcrovel Spa &amp; Sport","item":"https:\/\/www.swissotel-poianabrasov.ro\/de\/purovel-spa-sport\/"},{"@type":"ListItem","position":3,"name":"Spa-Men\u00fc"}]},{"@type":"WebSite","@id":"https:\/\/www.swissotel-poianabrasov.ro\/#website","url":"https:\/\/www.swissotel-poianabrasov.ro\/","name":"Swiss\u00f4tel Poiana Brasov","description":"","potentialAction":[{"@type":"SearchAction","target":{"@type":"EntryPoint","urlTemplate":"https:\/\/www.swissotel-poianabrasov.ro\/?s={search_term_string}"},"query-input":{"@type":"PropertyValueSpecification","valueRequired":true,"valueName":"search_term_string"}}],"inLanguage":"de-DE"}]}},"_links":{"self":[{"href":"https:\/\/www.swissotel-poianabrasov.ro\/de\/wp-json\/wp\/v2\/pages\/1949","targetHints":{"allow":["GET"]}}],"collection":[{"href":"https:\/\/www.swissotel-poianabrasov.ro\/de\/wp-json\/wp\/v2\/pages"}],"about":[{"href":"https:\/\/www.swissotel-poianabrasov.ro\/de\/wp-json\/wp\/v2\/types\/page"}],"author":[{"embeddable":true,"href":"https:\/\/www.swissotel-poianabrasov.ro\/de\/wp-json\/wp\/v2\/users\/196"}],"replies":[{"embeddable":true,"href":"https:\/\/www.swissotel-poianabrasov.ro\/de\/wp-json\/wp\/v2\/comments?post=1949"}],"version-history":[{"count":0,"href":"https:\/\/www.swissotel-poianabrasov.ro\/de\/wp-json\/wp\/v2\/pages\/1949\/revisions"}],"up":[{"embeddable":true,"href":"https:\/\/www.swissotel-poianabrasov.ro\/de\/wp-json\/wp\/v2\/pages\/412"}],"wp:featuredmedia":[{"embeddable":true,"href":"https:\/\/www.swissotel-poianabrasov.ro\/de\/wp-json\/wp\/v2\/media\/1188"}],"wp:attachment":[{"href":"https:\/\/www.swissotel-poianabrasov.ro\/de\/wp-json\/wp\/v2\/media?parent=1949"}],"wp:term":[{"taxonomy":"category","embeddable":true,"href":"https:\/\/www.swissotel-poianabrasov.ro\/de\/wp-json\/wp\/v2\/categories?post=1949"}],"curies":[{"name":"wp","href":"https:\/\/api.w.org\/{rel}","templated":true}]}}