{"id":1990,"date":"2026-02-17T16:48:37","date_gmt":"2026-02-17T16:48:37","guid":{"rendered":"https:\/\/www.swissotel-poianabrasov.ro\/corporate\/"},"modified":"2026-02-25T12:11:14","modified_gmt":"2026-02-25T12:11:14","slug":"corporate","status":"publish","type":"page","link":"https:\/\/www.swissotel-poianabrasov.ro\/de\/corporate\/","title":{"rendered":"Corporate"},"content":{"rendered":"<p>In einem der renommiertesten Bergresorts Rum\u00e4niens gelegen, bietet das Swiss\u00f4tel Poiana Bra\u0219ov den idealen Rahmen f\u00fcr Gesch\u00e4ftsreisen auf h\u00f6chstem Niveau, vertrauliche Vorstandssitzungen und exklusive Management\u2011Retreats.<\/p>\n<p>Mit nur 62 gro\u00dfz\u00fcgigen Zimmern und Apartments ab 40 m\u00b2 wurde das Hotel konsequent auf Komfort, Diskretion und Produktivit\u00e4t ausgerichtet \u2013 hier verbindet sich Schweizer Pr\u00e4zision mit transsilvanischem Charme.<\/p>\n<p><strong>Ma\u00dfgeschneiderte Services f\u00fcr Unternehmen<\/strong><\/p>\n<p><em>60 m\u00b2 mit Tageslicht, direktem Terrassenzugang und flexiblen Bestuhlungsvarianten (bis zu 50 Personen in Theaterbestuhlung).<\/em><\/p>\n<p><em>Ausgestattet mit Smart\u2011TV f\u00fcr reibungslose Pr\u00e4sentationen, High\u2011Speed\u2011WLAN, Flipcharts sowie Videotechnik auf Anfrage.<\/em><\/p>\n<p><em>Pers\u00f6nliche Eventbetreuung und Catering durch regionale Partner \u2013 eine der anspruchsvollsten kulinarischen Adressen in Bra\u0219ov.<\/em><\/p>\n<p>&nbsp;<\/p>\n","protected":false},"excerpt":{"rendered":"<p>In einem der renommiertesten Bergresorts Rum\u00e4niens gelegen, bietet das Swiss\u00f4tel Poiana Bra\u0219ov den idealen Rahmen f\u00fcr Gesch\u00e4ftsreisen auf h\u00f6chstem Niveau, vertrauliche Vorstandssitzungen und exklusive Management\u2011Retreats. Mit nur 62 gro\u00dfz\u00fcgigen Zimmern und Apartments ab 40 m\u00b2 wurde das Hotel konsequent auf Komfort, Diskretion und Produktivit\u00e4t ausgerichtet \u2013 hier verbindet sich Schweizer Pr\u00e4zision mit transsilvanischem Charme. Ma\u00dfgeschneiderte [&hellip;]<\/p>\n","protected":false},"author":196,"featured_media":0,"parent":0,"menu_order":0,"comment_status":"closed","ping_status":"closed","template":"template-wedding.php","meta":{"footnotes":""},"categories":[],"class_list":["post-1990","page","type-page","status-publish","hentry"],"acf":[],"yoast_head":"<!-- This site is optimized with the Yoast SEO plugin v26.9 - https:\/\/yoast.com\/product\/yoast-seo-wordpress\/ -->\n<title>Corporate - Swiss\u00f4tel Poiana Brasov<\/title>\n<meta name=\"robots\" content=\"index, follow, max-snippet:-1, max-image-preview:large, max-video-preview:-1\" \/>\n<link rel=\"canonical\" href=\"https:\/\/www.swissotel-poianabrasov.ro\/de\/corporate\/\" \/>\n<meta property=\"og:locale\" content=\"de_DE\" \/>\n<meta property=\"og:type\" content=\"article\" \/>\n<meta property=\"og:title\" content=\"Corporate - Swiss\u00f4tel Poiana Brasov\" \/>\n<meta property=\"og:description\" content=\"In einem der renommiertesten Bergresorts Rum\u00e4niens gelegen, bietet das Swiss\u00f4tel Poiana Bra\u0219ov den idealen Rahmen f\u00fcr Gesch\u00e4ftsreisen auf h\u00f6chstem Niveau, vertrauliche Vorstandssitzungen und exklusive Management\u2011Retreats. Mit nur 62 gro\u00dfz\u00fcgigen Zimmern und Apartments ab 40 m\u00b2 wurde das Hotel konsequent auf Komfort, Diskretion und Produktivit\u00e4t ausgerichtet \u2013 hier verbindet sich Schweizer Pr\u00e4zision mit transsilvanischem Charme. Ma\u00dfgeschneiderte [&hellip;]\" \/>\n<meta property=\"og:url\" content=\"https:\/\/www.swissotel-poianabrasov.ro\/de\/corporate\/\" \/>\n<meta property=\"og:site_name\" content=\"Swiss\u00f4tel Poiana Brasov\" \/>\n<meta property=\"article:modified_time\" content=\"2026-02-25T12:11:14+00:00\" \/>\n<meta name=\"twitter:card\" content=\"summary_large_image\" \/>\n<meta name=\"twitter:label1\" content=\"Gesch\u00e4tzte Lesezeit\" \/>\n\t<meta name=\"twitter:data1\" content=\"1 Minute\" \/>\n<script type=\"application\/ld+json\" class=\"yoast-schema-graph\">{\"@context\":\"https:\/\/schema.org\",\"@graph\":[{\"@type\":\"WebPage\",\"@id\":\"https:\/\/www.swissotel-poianabrasov.ro\/de\/corporate\/\",\"url\":\"https:\/\/www.swissotel-poianabrasov.ro\/de\/corporate\/\",\"name\":\"Corporate - Swiss\u00f4tel Poiana Brasov\",\"isPartOf\":{\"@id\":\"https:\/\/www.swissotel-poianabrasov.ro\/#website\"},\"datePublished\":\"2026-02-17T16:48:37+00:00\",\"dateModified\":\"2026-02-25T12:11:14+00:00\",\"breadcrumb\":{\"@id\":\"https:\/\/www.swissotel-poianabrasov.ro\/de\/corporate\/#breadcrumb\"},\"inLanguage\":\"de-DE\",\"potentialAction\":[{\"@type\":\"ReadAction\",\"target\":[\"https:\/\/www.swissotel-poianabrasov.ro\/de\/corporate\/\"]}]},{\"@type\":\"BreadcrumbList\",\"@id\":\"https:\/\/www.swissotel-poianabrasov.ro\/de\/corporate\/#breadcrumb\",\"itemListElement\":[{\"@type\":\"ListItem\",\"position\":1,\"name\":\"Home\",\"item\":\"https:\/\/www.swissotel-poianabrasov.ro\/de\/\"},{\"@type\":\"ListItem\",\"position\":2,\"name\":\"Corporate\"}]},{\"@type\":\"WebSite\",\"@id\":\"https:\/\/www.swissotel-poianabrasov.ro\/#website\",\"url\":\"https:\/\/www.swissotel-poianabrasov.ro\/\",\"name\":\"Swiss\u00f4tel Poiana Brasov\",\"description\":\"\",\"potentialAction\":[{\"@type\":\"SearchAction\",\"target\":{\"@type\":\"EntryPoint\",\"urlTemplate\":\"https:\/\/www.swissotel-poianabrasov.ro\/?s={search_term_string}\"},\"query-input\":{\"@type\":\"PropertyValueSpecification\",\"valueRequired\":true,\"valueName\":\"search_term_string\"}}],\"inLanguage\":\"de-DE\"}]}<\/script>\n<!-- \/ Yoast SEO plugin. -->","yoast_head_json":{"title":"Corporate - Swiss\u00f4tel Poiana Brasov","robots":{"index":"index","follow":"follow","max-snippet":"max-snippet:-1","max-image-preview":"max-image-preview:large","max-video-preview":"max-video-preview:-1"},"canonical":"https:\/\/www.swissotel-poianabrasov.ro\/de\/corporate\/","og_locale":"de_DE","og_type":"article","og_title":"Corporate - Swiss\u00f4tel Poiana Brasov","og_description":"In einem der renommiertesten Bergresorts Rum\u00e4niens gelegen, bietet das Swiss\u00f4tel Poiana Bra\u0219ov den idealen Rahmen f\u00fcr Gesch\u00e4ftsreisen auf h\u00f6chstem Niveau, vertrauliche Vorstandssitzungen und exklusive Management\u2011Retreats. Mit nur 62 gro\u00dfz\u00fcgigen Zimmern und Apartments ab 40 m\u00b2 wurde das Hotel konsequent auf Komfort, Diskretion und Produktivit\u00e4t ausgerichtet \u2013 hier verbindet sich Schweizer Pr\u00e4zision mit transsilvanischem Charme. Ma\u00dfgeschneiderte [&hellip;]","og_url":"https:\/\/www.swissotel-poianabrasov.ro\/de\/corporate\/","og_site_name":"Swiss\u00f4tel Poiana Brasov","article_modified_time":"2026-02-25T12:11:14+00:00","twitter_card":"summary_large_image","twitter_misc":{"Gesch\u00e4tzte Lesezeit":"1 Minute"},"schema":{"@context":"https:\/\/schema.org","@graph":[{"@type":"WebPage","@id":"https:\/\/www.swissotel-poianabrasov.ro\/de\/corporate\/","url":"https:\/\/www.swissotel-poianabrasov.ro\/de\/corporate\/","name":"Corporate - Swiss\u00f4tel Poiana Brasov","isPartOf":{"@id":"https:\/\/www.swissotel-poianabrasov.ro\/#website"},"datePublished":"2026-02-17T16:48:37+00:00","dateModified":"2026-02-25T12:11:14+00:00","breadcrumb":{"@id":"https:\/\/www.swissotel-poianabrasov.ro\/de\/corporate\/#breadcrumb"},"inLanguage":"de-DE","potentialAction":[{"@type":"ReadAction","target":["https:\/\/www.swissotel-poianabrasov.ro\/de\/corporate\/"]}]},{"@type":"BreadcrumbList","@id":"https:\/\/www.swissotel-poianabrasov.ro\/de\/corporate\/#breadcrumb","itemListElement":[{"@type":"ListItem","position":1,"name":"Home","item":"https:\/\/www.swissotel-poianabrasov.ro\/de\/"},{"@type":"ListItem","position":2,"name":"Corporate"}]},{"@type":"WebSite","@id":"https:\/\/www.swissotel-poianabrasov.ro\/#website","url":"https:\/\/www.swissotel-poianabrasov.ro\/","name":"Swiss\u00f4tel Poiana Brasov","description":"","potentialAction":[{"@type":"SearchAction","target":{"@type":"EntryPoint","urlTemplate":"https:\/\/www.swissotel-poianabrasov.ro\/?s={search_term_string}"},"query-input":{"@type":"PropertyValueSpecification","valueRequired":true,"valueName":"search_term_string"}}],"inLanguage":"de-DE"}]}},"_links":{"self":[{"href":"https:\/\/www.swissotel-poianabrasov.ro\/de\/wp-json\/wp\/v2\/pages\/1990","targetHints":{"allow":["GET"]}}],"collection":[{"href":"https:\/\/www.swissotel-poianabrasov.ro\/de\/wp-json\/wp\/v2\/pages"}],"about":[{"href":"https:\/\/www.swissotel-poianabrasov.ro\/de\/wp-json\/wp\/v2\/types\/page"}],"author":[{"embeddable":true,"href":"https:\/\/www.swissotel-poianabrasov.ro\/de\/wp-json\/wp\/v2\/users\/196"}],"replies":[{"embeddable":true,"href":"https:\/\/www.swissotel-poianabrasov.ro\/de\/wp-json\/wp\/v2\/comments?post=1990"}],"version-history":[{"count":4,"href":"https:\/\/www.swissotel-poianabrasov.ro\/de\/wp-json\/wp\/v2\/pages\/1990\/revisions"}],"predecessor-version":[{"id":2005,"href":"https:\/\/www.swissotel-poianabrasov.ro\/de\/wp-json\/wp\/v2\/pages\/1990\/revisions\/2005"}],"wp:attachment":[{"href":"https:\/\/www.swissotel-poianabrasov.ro\/de\/wp-json\/wp\/v2\/media?parent=1990"}],"wp:term":[{"taxonomy":"category","embeddable":true,"href":"https:\/\/www.swissotel-poianabrasov.ro\/de\/wp-json\/wp\/v2\/categories?post=1990"}],"curies":[{"name":"wp","href":"https:\/\/api.w.org\/{rel}","templated":true}]}}