{"id":386,"date":"2024-03-12T10:27:34","date_gmt":"2024-03-12T10:27:34","guid":{"rendered":"https:\/\/swissotel-poiana-brasov.accorv2prod.decms.eu\/zimmer-appartements\/swiss-executive-apartment\/"},"modified":"2025-05-29T07:23:38","modified_gmt":"2025-05-29T07:23:38","slug":"swiss-executive-apartment","status":"publish","type":"page","link":"https:\/\/www.swissotel-poianabrasov.ro\/de\/zimmer-appartements\/swiss-executive-apartment\/","title":{"rendered":"Swiss Executive Apartment"},"content":{"rendered":"<p>F\u00fcr diejenigen, die Luxus und Entspannung suchen, bietet dieses ger\u00e4umige Apartment eine elegante Flucht mit viel Platz, um jeden Moment zu genie\u00dfen. Mit zwei Schlafzimmern, einem gro\u00dfz\u00fcgigen Wohnbereich und einem charmanten Balkon l\u00e4dt es Sie ein, stilvoll zu entspannen. Teilen Sie Geschichten und Lachen im gem\u00fctlichen Wohnbereich oder genie\u00dfen Sie gemeinsam den Blick auf die Berge &#8211; dieses Apartment ist eine Feier der Romantik und Eleganz.<\/p>\n","protected":false},"excerpt":{"rendered":"<p>F\u00fcr diejenigen, die Luxus und Entspannung suchen, bietet dieses ger\u00e4umige Apartment eine elegante Flucht mit viel Platz, um jeden Moment zu genie\u00dfen. Mit zwei Schlafzimmern, einem gro\u00dfz\u00fcgigen Wohnbereich und einem charmanten Balkon l\u00e4dt es Sie ein, stilvoll zu entspannen. Teilen Sie Geschichten und Lachen im gem\u00fctlichen Wohnbereich oder genie\u00dfen Sie gemeinsam den Blick auf die [&hellip;]<\/p>\n","protected":false},"author":50,"featured_media":608,"parent":373,"menu_order":4,"comment_status":"closed","ping_status":"closed","template":"template-room.php","meta":{"footnotes":""},"categories":[],"class_list":["post-386","page","type-page","status-publish","has-post-thumbnail","hentry"],"acf":[],"yoast_head":"<!-- This site is optimized with the Yoast SEO plugin v26.9 - https:\/\/yoast.com\/product\/yoast-seo-wordpress\/ -->\n<title>Swiss Executive Apartment - Swiss\u00f4tel Poiana Brasov<\/title>\n<meta name=\"robots\" content=\"index, follow, max-snippet:-1, max-image-preview:large, max-video-preview:-1\" \/>\n<link rel=\"canonical\" href=\"https:\/\/www.swissotel-poianabrasov.ro\/de\/zimmer-appartements\/swiss-executive-apartment\/\" \/>\n<meta property=\"og:locale\" content=\"de_DE\" \/>\n<meta property=\"og:type\" content=\"article\" \/>\n<meta property=\"og:title\" content=\"Swiss Executive Apartment - Swiss\u00f4tel Poiana Brasov\" \/>\n<meta property=\"og:description\" content=\"F\u00fcr diejenigen, die Luxus und Entspannung suchen, bietet dieses ger\u00e4umige Apartment eine elegante Flucht mit viel Platz, um jeden Moment zu genie\u00dfen. Mit zwei Schlafzimmern, einem gro\u00dfz\u00fcgigen Wohnbereich und einem charmanten Balkon l\u00e4dt es Sie ein, stilvoll zu entspannen. Teilen Sie Geschichten und Lachen im gem\u00fctlichen Wohnbereich oder genie\u00dfen Sie gemeinsam den Blick auf die [&hellip;]\" \/>\n<meta property=\"og:url\" content=\"https:\/\/www.swissotel-poianabrasov.ro\/de\/zimmer-appartements\/swiss-executive-apartment\/\" \/>\n<meta property=\"og:site_name\" content=\"Swiss\u00f4tel Poiana Brasov\" \/>\n<meta property=\"article:modified_time\" content=\"2025-05-29T07:23:38+00:00\" \/>\n<meta property=\"og:image\" content=\"https:\/\/www.swissotel-poianabrasov.ro\/wp-content\/uploads\/sites\/97\/2024\/10\/Corp-C-et-3-camera-59-7.jpg\" \/>\n\t<meta property=\"og:image:width\" content=\"1900\" \/>\n\t<meta property=\"og:image:height\" content=\"1267\" \/>\n\t<meta property=\"og:image:type\" content=\"image\/jpeg\" \/>\n<meta name=\"twitter:card\" content=\"summary_large_image\" \/>\n<meta name=\"twitter:label1\" content=\"Gesch\u00e4tzte Lesezeit\" \/>\n\t<meta name=\"twitter:data1\" content=\"1 Minute\" \/>\n<script type=\"application\/ld+json\" class=\"yoast-schema-graph\">{\"@context\":\"https:\/\/schema.org\",\"@graph\":[{\"@type\":\"WebPage\",\"@id\":\"https:\/\/www.swissotel-poianabrasov.ro\/de\/zimmer-appartements\/swiss-executive-apartment\/\",\"url\":\"https:\/\/www.swissotel-poianabrasov.ro\/de\/zimmer-appartements\/swiss-executive-apartment\/\",\"name\":\"Swiss Executive Apartment - Swiss\u00f4tel Poiana Brasov\",\"isPartOf\":{\"@id\":\"https:\/\/www.swissotel-poianabrasov.ro\/#website\"},\"primaryImageOfPage\":{\"@id\":\"https:\/\/www.swissotel-poianabrasov.ro\/de\/zimmer-appartements\/swiss-executive-apartment\/#primaryimage\"},\"image\":{\"@id\":\"https:\/\/www.swissotel-poianabrasov.ro\/de\/zimmer-appartements\/swiss-executive-apartment\/#primaryimage\"},\"thumbnailUrl\":\"https:\/\/www.swissotel-poianabrasov.ro\/wp-content\/uploads\/sites\/97\/2024\/10\/Corp-C-et-3-camera-59-7.jpg\",\"datePublished\":\"2024-03-12T10:27:34+00:00\",\"dateModified\":\"2025-05-29T07:23:38+00:00\",\"breadcrumb\":{\"@id\":\"https:\/\/www.swissotel-poianabrasov.ro\/de\/zimmer-appartements\/swiss-executive-apartment\/#breadcrumb\"},\"inLanguage\":\"de-DE\",\"potentialAction\":[{\"@type\":\"ReadAction\",\"target\":[\"https:\/\/www.swissotel-poianabrasov.ro\/de\/zimmer-appartements\/swiss-executive-apartment\/\"]}]},{\"@type\":\"ImageObject\",\"inLanguage\":\"de-DE\",\"@id\":\"https:\/\/www.swissotel-poianabrasov.ro\/de\/zimmer-appartements\/swiss-executive-apartment\/#primaryimage\",\"url\":\"https:\/\/www.swissotel-poianabrasov.ro\/wp-content\/uploads\/sites\/97\/2024\/10\/Corp-C-et-3-camera-59-7.jpg\",\"contentUrl\":\"https:\/\/www.swissotel-poianabrasov.ro\/wp-content\/uploads\/sites\/97\/2024\/10\/Corp-C-et-3-camera-59-7.jpg\",\"width\":1900,\"height\":1267},{\"@type\":\"BreadcrumbList\",\"@id\":\"https:\/\/www.swissotel-poianabrasov.ro\/de\/zimmer-appartements\/swiss-executive-apartment\/#breadcrumb\",\"itemListElement\":[{\"@type\":\"ListItem\",\"position\":1,\"name\":\"Home\",\"item\":\"https:\/\/www.swissotel-poianabrasov.ro\/de\/\"},{\"@type\":\"ListItem\",\"position\":2,\"name\":\"Zimmer &#038; Appartements\",\"item\":\"https:\/\/www.swissotel-poianabrasov.ro\/de\/zimmer-appartements\/\"},{\"@type\":\"ListItem\",\"position\":3,\"name\":\"Swiss Executive Apartment\"}]},{\"@type\":\"WebSite\",\"@id\":\"https:\/\/www.swissotel-poianabrasov.ro\/#website\",\"url\":\"https:\/\/www.swissotel-poianabrasov.ro\/\",\"name\":\"Swiss\u00f4tel Poiana Brasov\",\"description\":\"\",\"potentialAction\":[{\"@type\":\"SearchAction\",\"target\":{\"@type\":\"EntryPoint\",\"urlTemplate\":\"https:\/\/www.swissotel-poianabrasov.ro\/?s={search_term_string}\"},\"query-input\":{\"@type\":\"PropertyValueSpecification\",\"valueRequired\":true,\"valueName\":\"search_term_string\"}}],\"inLanguage\":\"de-DE\"}]}<\/script>\n<!-- \/ Yoast SEO plugin. -->","yoast_head_json":{"title":"Swiss Executive Apartment - Swiss\u00f4tel Poiana Brasov","robots":{"index":"index","follow":"follow","max-snippet":"max-snippet:-1","max-image-preview":"max-image-preview:large","max-video-preview":"max-video-preview:-1"},"canonical":"https:\/\/www.swissotel-poianabrasov.ro\/de\/zimmer-appartements\/swiss-executive-apartment\/","og_locale":"de_DE","og_type":"article","og_title":"Swiss Executive Apartment - Swiss\u00f4tel Poiana Brasov","og_description":"F\u00fcr diejenigen, die Luxus und Entspannung suchen, bietet dieses ger\u00e4umige Apartment eine elegante Flucht mit viel Platz, um jeden Moment zu genie\u00dfen. Mit zwei Schlafzimmern, einem gro\u00dfz\u00fcgigen Wohnbereich und einem charmanten Balkon l\u00e4dt es Sie ein, stilvoll zu entspannen. Teilen Sie Geschichten und Lachen im gem\u00fctlichen Wohnbereich oder genie\u00dfen Sie gemeinsam den Blick auf die [&hellip;]","og_url":"https:\/\/www.swissotel-poianabrasov.ro\/de\/zimmer-appartements\/swiss-executive-apartment\/","og_site_name":"Swiss\u00f4tel Poiana Brasov","article_modified_time":"2025-05-29T07:23:38+00:00","og_image":[{"width":1900,"height":1267,"url":"https:\/\/www.swissotel-poianabrasov.ro\/wp-content\/uploads\/sites\/97\/2024\/10\/Corp-C-et-3-camera-59-7.jpg","type":"image\/jpeg"}],"twitter_card":"summary_large_image","twitter_misc":{"Gesch\u00e4tzte Lesezeit":"1 Minute"},"schema":{"@context":"https:\/\/schema.org","@graph":[{"@type":"WebPage","@id":"https:\/\/www.swissotel-poianabrasov.ro\/de\/zimmer-appartements\/swiss-executive-apartment\/","url":"https:\/\/www.swissotel-poianabrasov.ro\/de\/zimmer-appartements\/swiss-executive-apartment\/","name":"Swiss Executive Apartment - Swiss\u00f4tel Poiana Brasov","isPartOf":{"@id":"https:\/\/www.swissotel-poianabrasov.ro\/#website"},"primaryImageOfPage":{"@id":"https:\/\/www.swissotel-poianabrasov.ro\/de\/zimmer-appartements\/swiss-executive-apartment\/#primaryimage"},"image":{"@id":"https:\/\/www.swissotel-poianabrasov.ro\/de\/zimmer-appartements\/swiss-executive-apartment\/#primaryimage"},"thumbnailUrl":"https:\/\/www.swissotel-poianabrasov.ro\/wp-content\/uploads\/sites\/97\/2024\/10\/Corp-C-et-3-camera-59-7.jpg","datePublished":"2024-03-12T10:27:34+00:00","dateModified":"2025-05-29T07:23:38+00:00","breadcrumb":{"@id":"https:\/\/www.swissotel-poianabrasov.ro\/de\/zimmer-appartements\/swiss-executive-apartment\/#breadcrumb"},"inLanguage":"de-DE","potentialAction":[{"@type":"ReadAction","target":["https:\/\/www.swissotel-poianabrasov.ro\/de\/zimmer-appartements\/swiss-executive-apartment\/"]}]},{"@type":"ImageObject","inLanguage":"de-DE","@id":"https:\/\/www.swissotel-poianabrasov.ro\/de\/zimmer-appartements\/swiss-executive-apartment\/#primaryimage","url":"https:\/\/www.swissotel-poianabrasov.ro\/wp-content\/uploads\/sites\/97\/2024\/10\/Corp-C-et-3-camera-59-7.jpg","contentUrl":"https:\/\/www.swissotel-poianabrasov.ro\/wp-content\/uploads\/sites\/97\/2024\/10\/Corp-C-et-3-camera-59-7.jpg","width":1900,"height":1267},{"@type":"BreadcrumbList","@id":"https:\/\/www.swissotel-poianabrasov.ro\/de\/zimmer-appartements\/swiss-executive-apartment\/#breadcrumb","itemListElement":[{"@type":"ListItem","position":1,"name":"Home","item":"https:\/\/www.swissotel-poianabrasov.ro\/de\/"},{"@type":"ListItem","position":2,"name":"Zimmer &#038; Appartements","item":"https:\/\/www.swissotel-poianabrasov.ro\/de\/zimmer-appartements\/"},{"@type":"ListItem","position":3,"name":"Swiss Executive Apartment"}]},{"@type":"WebSite","@id":"https:\/\/www.swissotel-poianabrasov.ro\/#website","url":"https:\/\/www.swissotel-poianabrasov.ro\/","name":"Swiss\u00f4tel Poiana Brasov","description":"","potentialAction":[{"@type":"SearchAction","target":{"@type":"EntryPoint","urlTemplate":"https:\/\/www.swissotel-poianabrasov.ro\/?s={search_term_string}"},"query-input":{"@type":"PropertyValueSpecification","valueRequired":true,"valueName":"search_term_string"}}],"inLanguage":"de-DE"}]}},"_links":{"self":[{"href":"https:\/\/www.swissotel-poianabrasov.ro\/de\/wp-json\/wp\/v2\/pages\/386","targetHints":{"allow":["GET"]}}],"collection":[{"href":"https:\/\/www.swissotel-poianabrasov.ro\/de\/wp-json\/wp\/v2\/pages"}],"about":[{"href":"https:\/\/www.swissotel-poianabrasov.ro\/de\/wp-json\/wp\/v2\/types\/page"}],"author":[{"embeddable":true,"href":"https:\/\/www.swissotel-poianabrasov.ro\/de\/wp-json\/wp\/v2\/users\/50"}],"replies":[{"embeddable":true,"href":"https:\/\/www.swissotel-poianabrasov.ro\/de\/wp-json\/wp\/v2\/comments?post=386"}],"version-history":[{"count":0,"href":"https:\/\/www.swissotel-poianabrasov.ro\/de\/wp-json\/wp\/v2\/pages\/386\/revisions"}],"up":[{"embeddable":true,"href":"https:\/\/www.swissotel-poianabrasov.ro\/de\/wp-json\/wp\/v2\/pages\/373"}],"wp:featuredmedia":[{"embeddable":true,"href":"https:\/\/www.swissotel-poianabrasov.ro\/de\/wp-json\/wp\/v2\/media\/608"}],"wp:attachment":[{"href":"https:\/\/www.swissotel-poianabrasov.ro\/de\/wp-json\/wp\/v2\/media?parent=386"}],"wp:term":[{"taxonomy":"category","embeddable":true,"href":"https:\/\/www.swissotel-poianabrasov.ro\/de\/wp-json\/wp\/v2\/categories?post=386"}],"curies":[{"name":"wp","href":"https:\/\/api.w.org\/{rel}","templated":true}]}}