{"id":392,"date":"2024-03-12T08:45:41","date_gmt":"2024-03-12T08:45:41","guid":{"rendered":"https:\/\/swissotel-poiana-brasov.accorv2prod.decms.eu\/zimmer-appartements\/swiss-signature-apartment\/"},"modified":"2025-05-29T07:27:57","modified_gmt":"2025-05-29T07:27:57","slug":"swiss-signature-apartment","status":"publish","type":"page","link":"https:\/\/www.swissotel-poianabrasov.ro\/de\/zimmer-appartements\/swiss-signature-apartment\/","title":{"rendered":"Swiss Signature Apartment"},"content":{"rendered":"<p>Dieses raffinierte Apartment ist f\u00fcr diejenigen konzipiert, die ein luxuri\u00f6ses und dennoch intimes Refugium suchen. Der private Balkon bietet einen atemberaubenden Blick auf die Berge und schafft eine ruhige Umgebung f\u00fcr den morgendlichen Kaffee oder die abendliche Entspannung. Mit seiner stilvollen Dekoration und dem gut ausgestatteten Wohnbereich bietet dieses Apartment einen einladenden Raum f\u00fcr Paare, um zu entspannen, die Romantik zu genie\u00dfen und bleibende Erinnerungen zu schaffen.<\/p>\n","protected":false},"excerpt":{"rendered":"<p>Dieses raffinierte Apartment ist f\u00fcr diejenigen konzipiert, die ein luxuri\u00f6ses und dennoch intimes Refugium suchen. Der private Balkon bietet einen atemberaubenden Blick auf die Berge und schafft eine ruhige Umgebung f\u00fcr den morgendlichen Kaffee oder die abendliche Entspannung. Mit seiner stilvollen Dekoration und dem gut ausgestatteten Wohnbereich bietet dieses Apartment einen einladenden Raum f\u00fcr Paare, [&hellip;]<\/p>\n","protected":false},"author":50,"featured_media":613,"parent":373,"menu_order":6,"comment_status":"closed","ping_status":"closed","template":"template-room.php","meta":{"footnotes":""},"categories":[],"class_list":["post-392","page","type-page","status-publish","has-post-thumbnail","hentry"],"acf":[],"yoast_head":"<!-- This site is optimized with the Yoast SEO plugin v26.9 - https:\/\/yoast.com\/product\/yoast-seo-wordpress\/ -->\n<title>Swiss Signature Apartment - Swiss\u00f4tel Poiana Brasov<\/title>\n<meta name=\"robots\" content=\"index, follow, max-snippet:-1, max-image-preview:large, max-video-preview:-1\" \/>\n<link rel=\"canonical\" href=\"https:\/\/www.swissotel-poianabrasov.ro\/de\/zimmer-appartements\/swiss-signature-apartment\/\" \/>\n<meta property=\"og:locale\" content=\"de_DE\" \/>\n<meta property=\"og:type\" content=\"article\" \/>\n<meta property=\"og:title\" content=\"Swiss Signature Apartment - Swiss\u00f4tel Poiana Brasov\" \/>\n<meta property=\"og:description\" content=\"Dieses raffinierte Apartment ist f\u00fcr diejenigen konzipiert, die ein luxuri\u00f6ses und dennoch intimes Refugium suchen. Der private Balkon bietet einen atemberaubenden Blick auf die Berge und schafft eine ruhige Umgebung f\u00fcr den morgendlichen Kaffee oder die abendliche Entspannung. Mit seiner stilvollen Dekoration und dem gut ausgestatteten Wohnbereich bietet dieses Apartment einen einladenden Raum f\u00fcr Paare, [&hellip;]\" \/>\n<meta property=\"og:url\" content=\"https:\/\/www.swissotel-poianabrasov.ro\/de\/zimmer-appartements\/swiss-signature-apartment\/\" \/>\n<meta property=\"og:site_name\" content=\"Swiss\u00f4tel Poiana Brasov\" \/>\n<meta property=\"article:modified_time\" content=\"2025-05-29T07:27:57+00:00\" \/>\n<meta property=\"og:image\" content=\"https:\/\/www.swissotel-poianabrasov.ro\/wp-content\/uploads\/sites\/97\/2024\/10\/Corp-B-et-L-camera-44-6.jpg\" \/>\n\t<meta property=\"og:image:width\" content=\"1900\" \/>\n\t<meta property=\"og:image:height\" content=\"1267\" \/>\n\t<meta property=\"og:image:type\" content=\"image\/jpeg\" \/>\n<meta name=\"twitter:card\" content=\"summary_large_image\" \/>\n<meta name=\"twitter:label1\" content=\"Gesch\u00e4tzte Lesezeit\" \/>\n\t<meta name=\"twitter:data1\" content=\"1 Minute\" \/>\n<script type=\"application\/ld+json\" class=\"yoast-schema-graph\">{\"@context\":\"https:\/\/schema.org\",\"@graph\":[{\"@type\":\"WebPage\",\"@id\":\"https:\/\/www.swissotel-poianabrasov.ro\/de\/zimmer-appartements\/swiss-signature-apartment\/\",\"url\":\"https:\/\/www.swissotel-poianabrasov.ro\/de\/zimmer-appartements\/swiss-signature-apartment\/\",\"name\":\"Swiss Signature Apartment - Swiss\u00f4tel Poiana Brasov\",\"isPartOf\":{\"@id\":\"https:\/\/www.swissotel-poianabrasov.ro\/#website\"},\"primaryImageOfPage\":{\"@id\":\"https:\/\/www.swissotel-poianabrasov.ro\/de\/zimmer-appartements\/swiss-signature-apartment\/#primaryimage\"},\"image\":{\"@id\":\"https:\/\/www.swissotel-poianabrasov.ro\/de\/zimmer-appartements\/swiss-signature-apartment\/#primaryimage\"},\"thumbnailUrl\":\"https:\/\/www.swissotel-poianabrasov.ro\/wp-content\/uploads\/sites\/97\/2024\/10\/Corp-B-et-L-camera-44-6.jpg\",\"datePublished\":\"2024-03-12T08:45:41+00:00\",\"dateModified\":\"2025-05-29T07:27:57+00:00\",\"breadcrumb\":{\"@id\":\"https:\/\/www.swissotel-poianabrasov.ro\/de\/zimmer-appartements\/swiss-signature-apartment\/#breadcrumb\"},\"inLanguage\":\"de-DE\",\"potentialAction\":[{\"@type\":\"ReadAction\",\"target\":[\"https:\/\/www.swissotel-poianabrasov.ro\/de\/zimmer-appartements\/swiss-signature-apartment\/\"]}]},{\"@type\":\"ImageObject\",\"inLanguage\":\"de-DE\",\"@id\":\"https:\/\/www.swissotel-poianabrasov.ro\/de\/zimmer-appartements\/swiss-signature-apartment\/#primaryimage\",\"url\":\"https:\/\/www.swissotel-poianabrasov.ro\/wp-content\/uploads\/sites\/97\/2024\/10\/Corp-B-et-L-camera-44-6.jpg\",\"contentUrl\":\"https:\/\/www.swissotel-poianabrasov.ro\/wp-content\/uploads\/sites\/97\/2024\/10\/Corp-B-et-L-camera-44-6.jpg\",\"width\":1900,\"height\":1267},{\"@type\":\"BreadcrumbList\",\"@id\":\"https:\/\/www.swissotel-poianabrasov.ro\/de\/zimmer-appartements\/swiss-signature-apartment\/#breadcrumb\",\"itemListElement\":[{\"@type\":\"ListItem\",\"position\":1,\"name\":\"Home\",\"item\":\"https:\/\/www.swissotel-poianabrasov.ro\/de\/\"},{\"@type\":\"ListItem\",\"position\":2,\"name\":\"Zimmer &#038; Appartements\",\"item\":\"https:\/\/www.swissotel-poianabrasov.ro\/de\/zimmer-appartements\/\"},{\"@type\":\"ListItem\",\"position\":3,\"name\":\"Swiss Signature Apartment\"}]},{\"@type\":\"WebSite\",\"@id\":\"https:\/\/www.swissotel-poianabrasov.ro\/#website\",\"url\":\"https:\/\/www.swissotel-poianabrasov.ro\/\",\"name\":\"Swiss\u00f4tel Poiana Brasov\",\"description\":\"\",\"potentialAction\":[{\"@type\":\"SearchAction\",\"target\":{\"@type\":\"EntryPoint\",\"urlTemplate\":\"https:\/\/www.swissotel-poianabrasov.ro\/?s={search_term_string}\"},\"query-input\":{\"@type\":\"PropertyValueSpecification\",\"valueRequired\":true,\"valueName\":\"search_term_string\"}}],\"inLanguage\":\"de-DE\"}]}<\/script>\n<!-- \/ Yoast SEO plugin. -->","yoast_head_json":{"title":"Swiss Signature Apartment - Swiss\u00f4tel Poiana Brasov","robots":{"index":"index","follow":"follow","max-snippet":"max-snippet:-1","max-image-preview":"max-image-preview:large","max-video-preview":"max-video-preview:-1"},"canonical":"https:\/\/www.swissotel-poianabrasov.ro\/de\/zimmer-appartements\/swiss-signature-apartment\/","og_locale":"de_DE","og_type":"article","og_title":"Swiss Signature Apartment - Swiss\u00f4tel Poiana Brasov","og_description":"Dieses raffinierte Apartment ist f\u00fcr diejenigen konzipiert, die ein luxuri\u00f6ses und dennoch intimes Refugium suchen. Der private Balkon bietet einen atemberaubenden Blick auf die Berge und schafft eine ruhige Umgebung f\u00fcr den morgendlichen Kaffee oder die abendliche Entspannung. Mit seiner stilvollen Dekoration und dem gut ausgestatteten Wohnbereich bietet dieses Apartment einen einladenden Raum f\u00fcr Paare, [&hellip;]","og_url":"https:\/\/www.swissotel-poianabrasov.ro\/de\/zimmer-appartements\/swiss-signature-apartment\/","og_site_name":"Swiss\u00f4tel Poiana Brasov","article_modified_time":"2025-05-29T07:27:57+00:00","og_image":[{"width":1900,"height":1267,"url":"https:\/\/www.swissotel-poianabrasov.ro\/wp-content\/uploads\/sites\/97\/2024\/10\/Corp-B-et-L-camera-44-6.jpg","type":"image\/jpeg"}],"twitter_card":"summary_large_image","twitter_misc":{"Gesch\u00e4tzte Lesezeit":"1 Minute"},"schema":{"@context":"https:\/\/schema.org","@graph":[{"@type":"WebPage","@id":"https:\/\/www.swissotel-poianabrasov.ro\/de\/zimmer-appartements\/swiss-signature-apartment\/","url":"https:\/\/www.swissotel-poianabrasov.ro\/de\/zimmer-appartements\/swiss-signature-apartment\/","name":"Swiss Signature Apartment - Swiss\u00f4tel Poiana Brasov","isPartOf":{"@id":"https:\/\/www.swissotel-poianabrasov.ro\/#website"},"primaryImageOfPage":{"@id":"https:\/\/www.swissotel-poianabrasov.ro\/de\/zimmer-appartements\/swiss-signature-apartment\/#primaryimage"},"image":{"@id":"https:\/\/www.swissotel-poianabrasov.ro\/de\/zimmer-appartements\/swiss-signature-apartment\/#primaryimage"},"thumbnailUrl":"https:\/\/www.swissotel-poianabrasov.ro\/wp-content\/uploads\/sites\/97\/2024\/10\/Corp-B-et-L-camera-44-6.jpg","datePublished":"2024-03-12T08:45:41+00:00","dateModified":"2025-05-29T07:27:57+00:00","breadcrumb":{"@id":"https:\/\/www.swissotel-poianabrasov.ro\/de\/zimmer-appartements\/swiss-signature-apartment\/#breadcrumb"},"inLanguage":"de-DE","potentialAction":[{"@type":"ReadAction","target":["https:\/\/www.swissotel-poianabrasov.ro\/de\/zimmer-appartements\/swiss-signature-apartment\/"]}]},{"@type":"ImageObject","inLanguage":"de-DE","@id":"https:\/\/www.swissotel-poianabrasov.ro\/de\/zimmer-appartements\/swiss-signature-apartment\/#primaryimage","url":"https:\/\/www.swissotel-poianabrasov.ro\/wp-content\/uploads\/sites\/97\/2024\/10\/Corp-B-et-L-camera-44-6.jpg","contentUrl":"https:\/\/www.swissotel-poianabrasov.ro\/wp-content\/uploads\/sites\/97\/2024\/10\/Corp-B-et-L-camera-44-6.jpg","width":1900,"height":1267},{"@type":"BreadcrumbList","@id":"https:\/\/www.swissotel-poianabrasov.ro\/de\/zimmer-appartements\/swiss-signature-apartment\/#breadcrumb","itemListElement":[{"@type":"ListItem","position":1,"name":"Home","item":"https:\/\/www.swissotel-poianabrasov.ro\/de\/"},{"@type":"ListItem","position":2,"name":"Zimmer &#038; Appartements","item":"https:\/\/www.swissotel-poianabrasov.ro\/de\/zimmer-appartements\/"},{"@type":"ListItem","position":3,"name":"Swiss Signature Apartment"}]},{"@type":"WebSite","@id":"https:\/\/www.swissotel-poianabrasov.ro\/#website","url":"https:\/\/www.swissotel-poianabrasov.ro\/","name":"Swiss\u00f4tel Poiana Brasov","description":"","potentialAction":[{"@type":"SearchAction","target":{"@type":"EntryPoint","urlTemplate":"https:\/\/www.swissotel-poianabrasov.ro\/?s={search_term_string}"},"query-input":{"@type":"PropertyValueSpecification","valueRequired":true,"valueName":"search_term_string"}}],"inLanguage":"de-DE"}]}},"_links":{"self":[{"href":"https:\/\/www.swissotel-poianabrasov.ro\/de\/wp-json\/wp\/v2\/pages\/392","targetHints":{"allow":["GET"]}}],"collection":[{"href":"https:\/\/www.swissotel-poianabrasov.ro\/de\/wp-json\/wp\/v2\/pages"}],"about":[{"href":"https:\/\/www.swissotel-poianabrasov.ro\/de\/wp-json\/wp\/v2\/types\/page"}],"author":[{"embeddable":true,"href":"https:\/\/www.swissotel-poianabrasov.ro\/de\/wp-json\/wp\/v2\/users\/50"}],"replies":[{"embeddable":true,"href":"https:\/\/www.swissotel-poianabrasov.ro\/de\/wp-json\/wp\/v2\/comments?post=392"}],"version-history":[{"count":0,"href":"https:\/\/www.swissotel-poianabrasov.ro\/de\/wp-json\/wp\/v2\/pages\/392\/revisions"}],"up":[{"embeddable":true,"href":"https:\/\/www.swissotel-poianabrasov.ro\/de\/wp-json\/wp\/v2\/pages\/373"}],"wp:featuredmedia":[{"embeddable":true,"href":"https:\/\/www.swissotel-poianabrasov.ro\/de\/wp-json\/wp\/v2\/media\/613"}],"wp:attachment":[{"href":"https:\/\/www.swissotel-poianabrasov.ro\/de\/wp-json\/wp\/v2\/media?parent=392"}],"wp:term":[{"taxonomy":"category","embeddable":true,"href":"https:\/\/www.swissotel-poianabrasov.ro\/de\/wp-json\/wp\/v2\/categories?post=392"}],"curies":[{"name":"wp","href":"https:\/\/api.w.org\/{rel}","templated":true}]}}