{"id":398,"date":"2024-03-11T17:37:06","date_gmt":"2024-03-11T17:37:06","guid":{"rendered":"https:\/\/swissotel-poiana-brasov.accorv2prod.decms.eu\/zimmer-appartements\/swiss-signature-2-bedroom-apartment\/"},"modified":"2025-05-29T07:31:54","modified_gmt":"2025-05-29T07:31:54","slug":"swiss-signature-2-bedroom-apartment","status":"publish","type":"page","link":"https:\/\/www.swissotel-poianabrasov.ro\/de\/zimmer-appartements\/swiss-signature-2-bedroom-apartment\/","title":{"rendered":"Swiss Signature 2 Bedroom Apartment"},"content":{"rendered":"<p>Sich eine ultimative Familienauszeit g\u00f6nnen, in einer ger\u00e4umigen und eleganten Umgebung. Diese Wohnung bietet einen wundersch\u00f6nen Balkon, um die Aussicht auf die Berge zu bewundern. Mit ihren stilvollen Interieurs und durchdachten Annehmlichkeiten ist sie eine ideale Wahl f\u00fcr Paare oder Familien, die sowohl private Momente als auch gemeinsame Erlebnisse in einer Umgebung genie\u00dfen m\u00f6chten, die sich wie zu Hause anf\u00fchlt.<\/p>\n","protected":false},"excerpt":{"rendered":"<p>Sich eine ultimative Familienauszeit g\u00f6nnen, in einer ger\u00e4umigen und eleganten Umgebung. Diese Wohnung bietet einen wundersch\u00f6nen Balkon, um die Aussicht auf die Berge zu bewundern. Mit ihren stilvollen Interieurs und durchdachten Annehmlichkeiten ist sie eine ideale Wahl f\u00fcr Paare oder Familien, die sowohl private Momente als auch gemeinsame Erlebnisse in einer Umgebung genie\u00dfen m\u00f6chten, die [&hellip;]<\/p>\n","protected":false},"author":50,"featured_media":631,"parent":373,"menu_order":10,"comment_status":"closed","ping_status":"closed","template":"template-room.php","meta":{"footnotes":""},"categories":[],"class_list":["post-398","page","type-page","status-publish","has-post-thumbnail","hentry"],"acf":[],"yoast_head":"<!-- This site is optimized with the Yoast SEO plugin v26.9 - https:\/\/yoast.com\/product\/yoast-seo-wordpress\/ -->\n<title>Swiss Signature 2 Bedroom Apartment - Swiss\u00f4tel Poiana Brasov<\/title>\n<meta name=\"robots\" content=\"index, follow, max-snippet:-1, max-image-preview:large, max-video-preview:-1\" \/>\n<link rel=\"canonical\" href=\"https:\/\/www.swissotel-poianabrasov.ro\/de\/zimmer-appartements\/swiss-signature-2-bedroom-apartment\/\" \/>\n<meta property=\"og:locale\" content=\"de_DE\" \/>\n<meta property=\"og:type\" content=\"article\" \/>\n<meta property=\"og:title\" content=\"Swiss Signature 2 Bedroom Apartment - Swiss\u00f4tel Poiana Brasov\" \/>\n<meta property=\"og:description\" content=\"Sich eine ultimative Familienauszeit g\u00f6nnen, in einer ger\u00e4umigen und eleganten Umgebung. Diese Wohnung bietet einen wundersch\u00f6nen Balkon, um die Aussicht auf die Berge zu bewundern. Mit ihren stilvollen Interieurs und durchdachten Annehmlichkeiten ist sie eine ideale Wahl f\u00fcr Paare oder Familien, die sowohl private Momente als auch gemeinsame Erlebnisse in einer Umgebung genie\u00dfen m\u00f6chten, die [&hellip;]\" \/>\n<meta property=\"og:url\" content=\"https:\/\/www.swissotel-poianabrasov.ro\/de\/zimmer-appartements\/swiss-signature-2-bedroom-apartment\/\" \/>\n<meta property=\"og:site_name\" content=\"Swiss\u00f4tel Poiana Brasov\" \/>\n<meta property=\"article:modified_time\" content=\"2025-05-29T07:31:54+00:00\" \/>\n<meta property=\"og:image\" content=\"https:\/\/www.swissotel-poianabrasov.ro\/wp-content\/uploads\/sites\/97\/2024\/10\/Corp-C-et-L-camera-63-13.jpg\" \/>\n\t<meta property=\"og:image:width\" content=\"1900\" \/>\n\t<meta property=\"og:image:height\" content=\"1267\" \/>\n\t<meta property=\"og:image:type\" content=\"image\/jpeg\" \/>\n<meta name=\"twitter:card\" content=\"summary_large_image\" \/>\n<meta name=\"twitter:label1\" content=\"Gesch\u00e4tzte Lesezeit\" \/>\n\t<meta name=\"twitter:data1\" content=\"1 Minute\" \/>\n<script type=\"application\/ld+json\" class=\"yoast-schema-graph\">{\"@context\":\"https:\/\/schema.org\",\"@graph\":[{\"@type\":\"WebPage\",\"@id\":\"https:\/\/www.swissotel-poianabrasov.ro\/de\/zimmer-appartements\/swiss-signature-2-bedroom-apartment\/\",\"url\":\"https:\/\/www.swissotel-poianabrasov.ro\/de\/zimmer-appartements\/swiss-signature-2-bedroom-apartment\/\",\"name\":\"Swiss Signature 2 Bedroom Apartment - Swiss\u00f4tel Poiana Brasov\",\"isPartOf\":{\"@id\":\"https:\/\/www.swissotel-poianabrasov.ro\/#website\"},\"primaryImageOfPage\":{\"@id\":\"https:\/\/www.swissotel-poianabrasov.ro\/de\/zimmer-appartements\/swiss-signature-2-bedroom-apartment\/#primaryimage\"},\"image\":{\"@id\":\"https:\/\/www.swissotel-poianabrasov.ro\/de\/zimmer-appartements\/swiss-signature-2-bedroom-apartment\/#primaryimage\"},\"thumbnailUrl\":\"https:\/\/www.swissotel-poianabrasov.ro\/wp-content\/uploads\/sites\/97\/2024\/10\/Corp-C-et-L-camera-63-13.jpg\",\"datePublished\":\"2024-03-11T17:37:06+00:00\",\"dateModified\":\"2025-05-29T07:31:54+00:00\",\"breadcrumb\":{\"@id\":\"https:\/\/www.swissotel-poianabrasov.ro\/de\/zimmer-appartements\/swiss-signature-2-bedroom-apartment\/#breadcrumb\"},\"inLanguage\":\"de-DE\",\"potentialAction\":[{\"@type\":\"ReadAction\",\"target\":[\"https:\/\/www.swissotel-poianabrasov.ro\/de\/zimmer-appartements\/swiss-signature-2-bedroom-apartment\/\"]}]},{\"@type\":\"ImageObject\",\"inLanguage\":\"de-DE\",\"@id\":\"https:\/\/www.swissotel-poianabrasov.ro\/de\/zimmer-appartements\/swiss-signature-2-bedroom-apartment\/#primaryimage\",\"url\":\"https:\/\/www.swissotel-poianabrasov.ro\/wp-content\/uploads\/sites\/97\/2024\/10\/Corp-C-et-L-camera-63-13.jpg\",\"contentUrl\":\"https:\/\/www.swissotel-poianabrasov.ro\/wp-content\/uploads\/sites\/97\/2024\/10\/Corp-C-et-L-camera-63-13.jpg\",\"width\":1900,\"height\":1267},{\"@type\":\"BreadcrumbList\",\"@id\":\"https:\/\/www.swissotel-poianabrasov.ro\/de\/zimmer-appartements\/swiss-signature-2-bedroom-apartment\/#breadcrumb\",\"itemListElement\":[{\"@type\":\"ListItem\",\"position\":1,\"name\":\"Home\",\"item\":\"https:\/\/www.swissotel-poianabrasov.ro\/de\/\"},{\"@type\":\"ListItem\",\"position\":2,\"name\":\"Zimmer &#038; Appartements\",\"item\":\"https:\/\/www.swissotel-poianabrasov.ro\/de\/zimmer-appartements\/\"},{\"@type\":\"ListItem\",\"position\":3,\"name\":\"Swiss Signature 2 Bedroom Apartment\"}]},{\"@type\":\"WebSite\",\"@id\":\"https:\/\/www.swissotel-poianabrasov.ro\/#website\",\"url\":\"https:\/\/www.swissotel-poianabrasov.ro\/\",\"name\":\"Swiss\u00f4tel Poiana Brasov\",\"description\":\"\",\"potentialAction\":[{\"@type\":\"SearchAction\",\"target\":{\"@type\":\"EntryPoint\",\"urlTemplate\":\"https:\/\/www.swissotel-poianabrasov.ro\/?s={search_term_string}\"},\"query-input\":{\"@type\":\"PropertyValueSpecification\",\"valueRequired\":true,\"valueName\":\"search_term_string\"}}],\"inLanguage\":\"de-DE\"}]}<\/script>\n<!-- \/ Yoast SEO plugin. -->","yoast_head_json":{"title":"Swiss Signature 2 Bedroom Apartment - Swiss\u00f4tel Poiana Brasov","robots":{"index":"index","follow":"follow","max-snippet":"max-snippet:-1","max-image-preview":"max-image-preview:large","max-video-preview":"max-video-preview:-1"},"canonical":"https:\/\/www.swissotel-poianabrasov.ro\/de\/zimmer-appartements\/swiss-signature-2-bedroom-apartment\/","og_locale":"de_DE","og_type":"article","og_title":"Swiss Signature 2 Bedroom Apartment - Swiss\u00f4tel Poiana Brasov","og_description":"Sich eine ultimative Familienauszeit g\u00f6nnen, in einer ger\u00e4umigen und eleganten Umgebung. Diese Wohnung bietet einen wundersch\u00f6nen Balkon, um die Aussicht auf die Berge zu bewundern. Mit ihren stilvollen Interieurs und durchdachten Annehmlichkeiten ist sie eine ideale Wahl f\u00fcr Paare oder Familien, die sowohl private Momente als auch gemeinsame Erlebnisse in einer Umgebung genie\u00dfen m\u00f6chten, die [&hellip;]","og_url":"https:\/\/www.swissotel-poianabrasov.ro\/de\/zimmer-appartements\/swiss-signature-2-bedroom-apartment\/","og_site_name":"Swiss\u00f4tel Poiana Brasov","article_modified_time":"2025-05-29T07:31:54+00:00","og_image":[{"width":1900,"height":1267,"url":"https:\/\/www.swissotel-poianabrasov.ro\/wp-content\/uploads\/sites\/97\/2024\/10\/Corp-C-et-L-camera-63-13.jpg","type":"image\/jpeg"}],"twitter_card":"summary_large_image","twitter_misc":{"Gesch\u00e4tzte Lesezeit":"1 Minute"},"schema":{"@context":"https:\/\/schema.org","@graph":[{"@type":"WebPage","@id":"https:\/\/www.swissotel-poianabrasov.ro\/de\/zimmer-appartements\/swiss-signature-2-bedroom-apartment\/","url":"https:\/\/www.swissotel-poianabrasov.ro\/de\/zimmer-appartements\/swiss-signature-2-bedroom-apartment\/","name":"Swiss Signature 2 Bedroom Apartment - Swiss\u00f4tel Poiana Brasov","isPartOf":{"@id":"https:\/\/www.swissotel-poianabrasov.ro\/#website"},"primaryImageOfPage":{"@id":"https:\/\/www.swissotel-poianabrasov.ro\/de\/zimmer-appartements\/swiss-signature-2-bedroom-apartment\/#primaryimage"},"image":{"@id":"https:\/\/www.swissotel-poianabrasov.ro\/de\/zimmer-appartements\/swiss-signature-2-bedroom-apartment\/#primaryimage"},"thumbnailUrl":"https:\/\/www.swissotel-poianabrasov.ro\/wp-content\/uploads\/sites\/97\/2024\/10\/Corp-C-et-L-camera-63-13.jpg","datePublished":"2024-03-11T17:37:06+00:00","dateModified":"2025-05-29T07:31:54+00:00","breadcrumb":{"@id":"https:\/\/www.swissotel-poianabrasov.ro\/de\/zimmer-appartements\/swiss-signature-2-bedroom-apartment\/#breadcrumb"},"inLanguage":"de-DE","potentialAction":[{"@type":"ReadAction","target":["https:\/\/www.swissotel-poianabrasov.ro\/de\/zimmer-appartements\/swiss-signature-2-bedroom-apartment\/"]}]},{"@type":"ImageObject","inLanguage":"de-DE","@id":"https:\/\/www.swissotel-poianabrasov.ro\/de\/zimmer-appartements\/swiss-signature-2-bedroom-apartment\/#primaryimage","url":"https:\/\/www.swissotel-poianabrasov.ro\/wp-content\/uploads\/sites\/97\/2024\/10\/Corp-C-et-L-camera-63-13.jpg","contentUrl":"https:\/\/www.swissotel-poianabrasov.ro\/wp-content\/uploads\/sites\/97\/2024\/10\/Corp-C-et-L-camera-63-13.jpg","width":1900,"height":1267},{"@type":"BreadcrumbList","@id":"https:\/\/www.swissotel-poianabrasov.ro\/de\/zimmer-appartements\/swiss-signature-2-bedroom-apartment\/#breadcrumb","itemListElement":[{"@type":"ListItem","position":1,"name":"Home","item":"https:\/\/www.swissotel-poianabrasov.ro\/de\/"},{"@type":"ListItem","position":2,"name":"Zimmer &#038; Appartements","item":"https:\/\/www.swissotel-poianabrasov.ro\/de\/zimmer-appartements\/"},{"@type":"ListItem","position":3,"name":"Swiss Signature 2 Bedroom Apartment"}]},{"@type":"WebSite","@id":"https:\/\/www.swissotel-poianabrasov.ro\/#website","url":"https:\/\/www.swissotel-poianabrasov.ro\/","name":"Swiss\u00f4tel Poiana Brasov","description":"","potentialAction":[{"@type":"SearchAction","target":{"@type":"EntryPoint","urlTemplate":"https:\/\/www.swissotel-poianabrasov.ro\/?s={search_term_string}"},"query-input":{"@type":"PropertyValueSpecification","valueRequired":true,"valueName":"search_term_string"}}],"inLanguage":"de-DE"}]}},"_links":{"self":[{"href":"https:\/\/www.swissotel-poianabrasov.ro\/de\/wp-json\/wp\/v2\/pages\/398","targetHints":{"allow":["GET"]}}],"collection":[{"href":"https:\/\/www.swissotel-poianabrasov.ro\/de\/wp-json\/wp\/v2\/pages"}],"about":[{"href":"https:\/\/www.swissotel-poianabrasov.ro\/de\/wp-json\/wp\/v2\/types\/page"}],"author":[{"embeddable":true,"href":"https:\/\/www.swissotel-poianabrasov.ro\/de\/wp-json\/wp\/v2\/users\/50"}],"replies":[{"embeddable":true,"href":"https:\/\/www.swissotel-poianabrasov.ro\/de\/wp-json\/wp\/v2\/comments?post=398"}],"version-history":[{"count":0,"href":"https:\/\/www.swissotel-poianabrasov.ro\/de\/wp-json\/wp\/v2\/pages\/398\/revisions"}],"up":[{"embeddable":true,"href":"https:\/\/www.swissotel-poianabrasov.ro\/de\/wp-json\/wp\/v2\/pages\/373"}],"wp:featuredmedia":[{"embeddable":true,"href":"https:\/\/www.swissotel-poianabrasov.ro\/de\/wp-json\/wp\/v2\/media\/631"}],"wp:attachment":[{"href":"https:\/\/www.swissotel-poianabrasov.ro\/de\/wp-json\/wp\/v2\/media?parent=398"}],"wp:term":[{"taxonomy":"category","embeddable":true,"href":"https:\/\/www.swissotel-poianabrasov.ro\/de\/wp-json\/wp\/v2\/categories?post=398"}],"curies":[{"name":"wp","href":"https:\/\/api.w.org\/{rel}","templated":true}]}}