{"id":407,"date":"2024-05-22T14:19:43","date_gmt":"2024-05-22T14:19:43","guid":{"rendered":"https:\/\/swissotel-poiana-brasov.accorv2prod.decms.eu\/facilitati-si-servicii\/"},"modified":"2025-05-27T08:39:29","modified_gmt":"2025-05-27T08:39:29","slug":"einrichtungen-und-dienstleistungen","status":"publish","type":"page","link":"https:\/\/www.swissotel-poianabrasov.ro\/de\/einrichtungen-und-dienstleistungen\/","title":{"rendered":"Einrichtungen und Dienstleistungen"},"content":{"rendered":"<p>Das einzige 5-Sterne-Hotel in Poiana Bra\u0219ov l\u00e4dt Sie ein,\u00a0erstklassigen Komfort zu entdecken,\u00a0der jede Ecke der 64 Zimmer und Suiten umfasst.<\/p>\n<p>Im Restaurant Artegianale erobern subtile Aromen die Geschmacksknospen, w\u00e4hrend in der Lobby Bar Geschichten auf feinste handwerkliche Getr\u00e4nke treffen.<\/p>\n<p>P\u00fcrovel Spa &amp; Sport ist ein Universum der Entspannung und Verj\u00fcngung, das geschaffen wurde, um Ihren K\u00f6rper zu st\u00e4rken und Ihnen zu helfen, innere Ruhe zu finden.<\/p>\n<p>F\u00fcr alle, die Abenteuer auf zwei R\u00e4dern lieben, bringt unsere Partnerschaft mit Outdoorfun ein neues Gef\u00fchl von Freiheit: gepflegte E-Bikes und Mountainbikes, gef\u00fchrte Touren durch die Natur sowie umfassender technischer Support.<\/p>\n","protected":false},"excerpt":{"rendered":"<p>Das einzige 5-Sterne-Hotel in Poiana Bra\u0219ov l\u00e4dt Sie ein,\u00a0erstklassigen Komfort zu entdecken,\u00a0der jede Ecke der 64 Zimmer und Suiten umfasst. Im Restaurant Artegianale erobern subtile Aromen die Geschmacksknospen, w\u00e4hrend in der Lobby Bar Geschichten auf feinste handwerkliche Getr\u00e4nke treffen. P\u00fcrovel Spa &amp; Sport ist ein Universum der Entspannung und Verj\u00fcngung, das geschaffen wurde, um Ihren [&hellip;]<\/p>\n","protected":false},"author":50,"featured_media":0,"parent":0,"menu_order":30,"comment_status":"closed","ping_status":"closed","template":"template-location.php","meta":{"footnotes":""},"categories":[],"class_list":["post-407","page","type-page","status-publish","hentry"],"acf":[],"yoast_head":"<!-- This site is optimized with the Yoast SEO plugin v26.9 - https:\/\/yoast.com\/product\/yoast-seo-wordpress\/ -->\n<title>Einrichtungen und Dienstleistungen - Swiss\u00f4tel Poiana Brasov<\/title>\n<meta name=\"robots\" content=\"index, follow, max-snippet:-1, max-image-preview:large, max-video-preview:-1\" \/>\n<link rel=\"canonical\" href=\"https:\/\/www.swissotel-poianabrasov.ro\/de\/einrichtungen-und-dienstleistungen\/\" \/>\n<meta property=\"og:locale\" content=\"de_DE\" \/>\n<meta property=\"og:type\" content=\"article\" \/>\n<meta property=\"og:title\" content=\"Einrichtungen und Dienstleistungen - Swiss\u00f4tel Poiana Brasov\" \/>\n<meta property=\"og:description\" content=\"Das einzige 5-Sterne-Hotel in Poiana Bra\u0219ov l\u00e4dt Sie ein,\u00a0erstklassigen Komfort zu entdecken,\u00a0der jede Ecke der 64 Zimmer und Suiten umfasst. Im Restaurant Artegianale erobern subtile Aromen die Geschmacksknospen, w\u00e4hrend in der Lobby Bar Geschichten auf feinste handwerkliche Getr\u00e4nke treffen. P\u00fcrovel Spa &amp; Sport ist ein Universum der Entspannung und Verj\u00fcngung, das geschaffen wurde, um Ihren [&hellip;]\" \/>\n<meta property=\"og:url\" content=\"https:\/\/www.swissotel-poianabrasov.ro\/de\/einrichtungen-und-dienstleistungen\/\" \/>\n<meta property=\"og:site_name\" content=\"Swiss\u00f4tel Poiana Brasov\" \/>\n<meta property=\"article:modified_time\" content=\"2025-05-27T08:39:29+00:00\" \/>\n<meta name=\"twitter:card\" content=\"summary_large_image\" \/>\n<meta name=\"twitter:label1\" content=\"Gesch\u00e4tzte Lesezeit\" \/>\n\t<meta name=\"twitter:data1\" content=\"1 Minute\" \/>\n<script type=\"application\/ld+json\" class=\"yoast-schema-graph\">{\"@context\":\"https:\/\/schema.org\",\"@graph\":[{\"@type\":\"WebPage\",\"@id\":\"https:\/\/www.swissotel-poianabrasov.ro\/de\/einrichtungen-und-dienstleistungen\/\",\"url\":\"https:\/\/www.swissotel-poianabrasov.ro\/de\/einrichtungen-und-dienstleistungen\/\",\"name\":\"Einrichtungen und Dienstleistungen - Swiss\u00f4tel Poiana Brasov\",\"isPartOf\":{\"@id\":\"https:\/\/www.swissotel-poianabrasov.ro\/#website\"},\"datePublished\":\"2024-05-22T14:19:43+00:00\",\"dateModified\":\"2025-05-27T08:39:29+00:00\",\"breadcrumb\":{\"@id\":\"https:\/\/www.swissotel-poianabrasov.ro\/de\/einrichtungen-und-dienstleistungen\/#breadcrumb\"},\"inLanguage\":\"de-DE\",\"potentialAction\":[{\"@type\":\"ReadAction\",\"target\":[\"https:\/\/www.swissotel-poianabrasov.ro\/de\/einrichtungen-und-dienstleistungen\/\"]}]},{\"@type\":\"BreadcrumbList\",\"@id\":\"https:\/\/www.swissotel-poianabrasov.ro\/de\/einrichtungen-und-dienstleistungen\/#breadcrumb\",\"itemListElement\":[{\"@type\":\"ListItem\",\"position\":1,\"name\":\"Home\",\"item\":\"https:\/\/www.swissotel-poianabrasov.ro\/de\/\"},{\"@type\":\"ListItem\",\"position\":2,\"name\":\"Einrichtungen und Dienstleistungen\"}]},{\"@type\":\"WebSite\",\"@id\":\"https:\/\/www.swissotel-poianabrasov.ro\/#website\",\"url\":\"https:\/\/www.swissotel-poianabrasov.ro\/\",\"name\":\"Swiss\u00f4tel Poiana Brasov\",\"description\":\"\",\"potentialAction\":[{\"@type\":\"SearchAction\",\"target\":{\"@type\":\"EntryPoint\",\"urlTemplate\":\"https:\/\/www.swissotel-poianabrasov.ro\/?s={search_term_string}\"},\"query-input\":{\"@type\":\"PropertyValueSpecification\",\"valueRequired\":true,\"valueName\":\"search_term_string\"}}],\"inLanguage\":\"de-DE\"}]}<\/script>\n<!-- \/ Yoast SEO plugin. -->","yoast_head_json":{"title":"Einrichtungen und Dienstleistungen - Swiss\u00f4tel Poiana Brasov","robots":{"index":"index","follow":"follow","max-snippet":"max-snippet:-1","max-image-preview":"max-image-preview:large","max-video-preview":"max-video-preview:-1"},"canonical":"https:\/\/www.swissotel-poianabrasov.ro\/de\/einrichtungen-und-dienstleistungen\/","og_locale":"de_DE","og_type":"article","og_title":"Einrichtungen und Dienstleistungen - Swiss\u00f4tel Poiana Brasov","og_description":"Das einzige 5-Sterne-Hotel in Poiana Bra\u0219ov l\u00e4dt Sie ein,\u00a0erstklassigen Komfort zu entdecken,\u00a0der jede Ecke der 64 Zimmer und Suiten umfasst. Im Restaurant Artegianale erobern subtile Aromen die Geschmacksknospen, w\u00e4hrend in der Lobby Bar Geschichten auf feinste handwerkliche Getr\u00e4nke treffen. P\u00fcrovel Spa &amp; Sport ist ein Universum der Entspannung und Verj\u00fcngung, das geschaffen wurde, um Ihren [&hellip;]","og_url":"https:\/\/www.swissotel-poianabrasov.ro\/de\/einrichtungen-und-dienstleistungen\/","og_site_name":"Swiss\u00f4tel Poiana Brasov","article_modified_time":"2025-05-27T08:39:29+00:00","twitter_card":"summary_large_image","twitter_misc":{"Gesch\u00e4tzte Lesezeit":"1 Minute"},"schema":{"@context":"https:\/\/schema.org","@graph":[{"@type":"WebPage","@id":"https:\/\/www.swissotel-poianabrasov.ro\/de\/einrichtungen-und-dienstleistungen\/","url":"https:\/\/www.swissotel-poianabrasov.ro\/de\/einrichtungen-und-dienstleistungen\/","name":"Einrichtungen und Dienstleistungen - Swiss\u00f4tel Poiana Brasov","isPartOf":{"@id":"https:\/\/www.swissotel-poianabrasov.ro\/#website"},"datePublished":"2024-05-22T14:19:43+00:00","dateModified":"2025-05-27T08:39:29+00:00","breadcrumb":{"@id":"https:\/\/www.swissotel-poianabrasov.ro\/de\/einrichtungen-und-dienstleistungen\/#breadcrumb"},"inLanguage":"de-DE","potentialAction":[{"@type":"ReadAction","target":["https:\/\/www.swissotel-poianabrasov.ro\/de\/einrichtungen-und-dienstleistungen\/"]}]},{"@type":"BreadcrumbList","@id":"https:\/\/www.swissotel-poianabrasov.ro\/de\/einrichtungen-und-dienstleistungen\/#breadcrumb","itemListElement":[{"@type":"ListItem","position":1,"name":"Home","item":"https:\/\/www.swissotel-poianabrasov.ro\/de\/"},{"@type":"ListItem","position":2,"name":"Einrichtungen und Dienstleistungen"}]},{"@type":"WebSite","@id":"https:\/\/www.swissotel-poianabrasov.ro\/#website","url":"https:\/\/www.swissotel-poianabrasov.ro\/","name":"Swiss\u00f4tel Poiana Brasov","description":"","potentialAction":[{"@type":"SearchAction","target":{"@type":"EntryPoint","urlTemplate":"https:\/\/www.swissotel-poianabrasov.ro\/?s={search_term_string}"},"query-input":{"@type":"PropertyValueSpecification","valueRequired":true,"valueName":"search_term_string"}}],"inLanguage":"de-DE"}]}},"_links":{"self":[{"href":"https:\/\/www.swissotel-poianabrasov.ro\/de\/wp-json\/wp\/v2\/pages\/407","targetHints":{"allow":["GET"]}}],"collection":[{"href":"https:\/\/www.swissotel-poianabrasov.ro\/de\/wp-json\/wp\/v2\/pages"}],"about":[{"href":"https:\/\/www.swissotel-poianabrasov.ro\/de\/wp-json\/wp\/v2\/types\/page"}],"author":[{"embeddable":true,"href":"https:\/\/www.swissotel-poianabrasov.ro\/de\/wp-json\/wp\/v2\/users\/50"}],"replies":[{"embeddable":true,"href":"https:\/\/www.swissotel-poianabrasov.ro\/de\/wp-json\/wp\/v2\/comments?post=407"}],"version-history":[{"count":0,"href":"https:\/\/www.swissotel-poianabrasov.ro\/de\/wp-json\/wp\/v2\/pages\/407\/revisions"}],"wp:attachment":[{"href":"https:\/\/www.swissotel-poianabrasov.ro\/de\/wp-json\/wp\/v2\/media?parent=407"}],"wp:term":[{"taxonomy":"category","embeddable":true,"href":"https:\/\/www.swissotel-poianabrasov.ro\/de\/wp-json\/wp\/v2\/categories?post=407"}],"curies":[{"name":"wp","href":"https:\/\/api.w.org\/{rel}","templated":true}]}}