{"id":412,"date":"2024-05-27T09:54:57","date_gmt":"2024-05-27T09:54:57","guid":{"rendered":"https:\/\/swissotel-poiana-brasov.accorv2prod.decms.eu\/purovel-spa-sport\/"},"modified":"2026-02-03T13:57:21","modified_gmt":"2026-02-03T13:57:21","slug":"purovel-spa-sport","status":"publish","type":"page","link":"https:\/\/www.swissotel-poianabrasov.ro\/de\/purovel-spa-sport\/","title":{"rendered":"P\u00fcrovel Spa &amp; Sport"},"content":{"rendered":"<h2>Erleben Sie die perfekte Harmonie von Natur und Ruhe im P\u00fcrovel Spa &amp; Sport<\/h2>\n<p>Ein Boutique-Spa, das rund um das Konzept der Intimit\u00e4t gestaltet wurde und das Wellness-Erlebnis im Herzen der Karpaten neu definiert.<\/p>\n<p>G\u00f6nnen Sie sich Momente der Entspannung und Erholung in einer eleganten und ruhigen Atmosph\u00e4re. Der Zugang zum Spa ist t\u00e4glich von 10:00 bis 21:00 Uhr ausschlie\u00dflich mit Reservierung und je nach Verf\u00fcgbarkeit m\u00f6glich.<\/p>\n<p><strong>F\u00fcr ein besonders romantisches Erlebnis bieten wir Ihnen am Abend noch mehr Privatsph\u00e4re und Exklusivit\u00e4t: Von 19:00 bis 21:00 Uhr verwandelt sich das Spa in ein Refugium, das ausschlie\u00dflich Erwachsenen vorbehalten ist \u2013 w\u00e4hrend unserer Adults Only-Sitzungen. <\/strong><\/p>\n<p>Um Ihnen ein authentisches Entspannungserlebnis zu bieten, ist der Zugang zum Spa nur mit vorheriger Terminvereinbarung m\u00f6glich \u2013 bitte kontaktieren Sie uns unter <a href=\"tel:+40 368 520 500\">+40 368 520 500<\/a>, per E-Mail an <a href=\"mailto:poianabrasov.info@swissotel.com\">poianabrasov.info@swissotel.com<\/a> oder an der Rezeption, je nach Verf\u00fcgbarkeit.<\/p>\n<p>P\u00fcrovel ist eine Oase der Ruhe, die darauf ausgelegt ist, das Gleichgewicht von K\u00f6rper und Geist wiederherzustellen. Die Atmosph\u00e4re des Spas wurde sorgf\u00e4ltig gestaltet, um Ihnen tiefe Entspannung zu erm\u00f6glichen \u2013 ged\u00e4mpftes Licht, nat\u00fcrliche Kl\u00e4nge und sorgf\u00e4ltig ausgew\u00e4hlte Musik verschmelzen mit einer naturinspirierten Einrichtung und bieten Ihnen ein fesselndes und regenerierendes Sinneserlebnis.<\/p>\n<p>Genie\u00dfen Sie unsere Innen- und Au\u00dfen-Whirlpools, ideal zur Entspannung in jeder Jahreszeit, und entdecken Sie unser Fitnesscenter und unsere Sauna, die das ganze Jahr \u00fcber ge\u00f6ffnet sind.<\/p>\n<p>Unsere erfahrenen Therapeuten bieten Ihnen ma\u00dfgeschneiderte Behandlungen mit luxuri\u00f6sen, nachhaltigen Produkten von <a href=\"https:\/\/www.niance.com\">Niance Switzerland<\/a> und <a href=\"https:\/\/kerstinflorian.com\">Kerstin Florian Sweden<\/a>. Jede Behandlung ist eine Einladung zur Regeneration, inspiriert von der Natur und perfekt auf Ihre individuellen Bed\u00fcrfnisse abgestimmt. Unser vollst\u00e4ndiges Serviceangebot finden Sie <a href=\"https:\/\/www.swissotel-poianabrasov.ro\/de\/purovel-spa-sport\/spa-menue\/\">hier<\/a>.<\/p>\n","protected":false},"excerpt":{"rendered":"<p>Erleben Sie die perfekte Harmonie von Natur und Ruhe im P\u00fcrovel Spa &amp; Sport Ein Boutique-Spa, das rund um das Konzept der Intimit\u00e4t gestaltet wurde und das Wellness-Erlebnis im Herzen der Karpaten neu definiert. G\u00f6nnen Sie sich Momente der Entspannung und Erholung in einer eleganten und ruhigen Atmosph\u00e4re. Der Zugang zum Spa ist t\u00e4glich von [&hellip;]<\/p>\n","protected":false},"author":50,"featured_media":583,"parent":0,"menu_order":55,"comment_status":"closed","ping_status":"closed","template":"template-spa.php","meta":{"footnotes":""},"categories":[],"class_list":["post-412","page","type-page","status-publish","has-post-thumbnail","hentry"],"acf":[],"yoast_head":"<!-- This site is optimized with the Yoast SEO plugin v26.9 - https:\/\/yoast.com\/product\/yoast-seo-wordpress\/ -->\n<title>P\u00fcrovel Spa &amp; Sport - Swiss\u00f4tel Poiana Brasov<\/title>\n<meta name=\"robots\" content=\"index, follow, max-snippet:-1, max-image-preview:large, max-video-preview:-1\" \/>\n<link rel=\"canonical\" href=\"https:\/\/www.swissotel-poianabrasov.ro\/de\/purovel-spa-sport\/\" \/>\n<meta property=\"og:locale\" content=\"de_DE\" \/>\n<meta property=\"og:type\" content=\"article\" \/>\n<meta property=\"og:title\" content=\"P\u00fcrovel Spa &amp; Sport - Swiss\u00f4tel Poiana Brasov\" \/>\n<meta property=\"og:description\" content=\"Erleben Sie die perfekte Harmonie von Natur und Ruhe im P\u00fcrovel Spa &amp; Sport Ein Boutique-Spa, das rund um das Konzept der Intimit\u00e4t gestaltet wurde und das Wellness-Erlebnis im Herzen der Karpaten neu definiert. G\u00f6nnen Sie sich Momente der Entspannung und Erholung in einer eleganten und ruhigen Atmosph\u00e4re. Der Zugang zum Spa ist t\u00e4glich von [&hellip;]\" \/>\n<meta property=\"og:url\" content=\"https:\/\/www.swissotel-poianabrasov.ro\/de\/purovel-spa-sport\/\" \/>\n<meta property=\"og:site_name\" content=\"Swiss\u00f4tel Poiana Brasov\" \/>\n<meta property=\"article:modified_time\" content=\"2026-02-03T13:57:21+00:00\" \/>\n<meta property=\"og:image\" content=\"https:\/\/www.swissotel-poianabrasov.ro\/wp-content\/uploads\/sites\/97\/2024\/10\/Header.jpg\" \/>\n\t<meta property=\"og:image:width\" content=\"1900\" \/>\n\t<meta property=\"og:image:height\" content=\"1267\" \/>\n\t<meta property=\"og:image:type\" content=\"image\/jpeg\" \/>\n<meta name=\"twitter:card\" content=\"summary_large_image\" \/>\n<meta name=\"twitter:label1\" content=\"Gesch\u00e4tzte Lesezeit\" \/>\n\t<meta name=\"twitter:data1\" content=\"2 Minuten\" \/>\n<script type=\"application\/ld+json\" class=\"yoast-schema-graph\">{\"@context\":\"https:\/\/schema.org\",\"@graph\":[{\"@type\":\"WebPage\",\"@id\":\"https:\/\/www.swissotel-poianabrasov.ro\/de\/purovel-spa-sport\/\",\"url\":\"https:\/\/www.swissotel-poianabrasov.ro\/de\/purovel-spa-sport\/\",\"name\":\"P\u00fcrovel Spa &amp; Sport - Swiss\u00f4tel Poiana Brasov\",\"isPartOf\":{\"@id\":\"https:\/\/www.swissotel-poianabrasov.ro\/#website\"},\"primaryImageOfPage\":{\"@id\":\"https:\/\/www.swissotel-poianabrasov.ro\/de\/purovel-spa-sport\/#primaryimage\"},\"image\":{\"@id\":\"https:\/\/www.swissotel-poianabrasov.ro\/de\/purovel-spa-sport\/#primaryimage\"},\"thumbnailUrl\":\"https:\/\/www.swissotel-poianabrasov.ro\/wp-content\/uploads\/sites\/97\/2024\/10\/Header.jpg\",\"datePublished\":\"2024-05-27T09:54:57+00:00\",\"dateModified\":\"2026-02-03T13:57:21+00:00\",\"breadcrumb\":{\"@id\":\"https:\/\/www.swissotel-poianabrasov.ro\/de\/purovel-spa-sport\/#breadcrumb\"},\"inLanguage\":\"de-DE\",\"potentialAction\":[{\"@type\":\"ReadAction\",\"target\":[\"https:\/\/www.swissotel-poianabrasov.ro\/de\/purovel-spa-sport\/\"]}]},{\"@type\":\"ImageObject\",\"inLanguage\":\"de-DE\",\"@id\":\"https:\/\/www.swissotel-poianabrasov.ro\/de\/purovel-spa-sport\/#primaryimage\",\"url\":\"https:\/\/www.swissotel-poianabrasov.ro\/wp-content\/uploads\/sites\/97\/2024\/10\/Header.jpg\",\"contentUrl\":\"https:\/\/www.swissotel-poianabrasov.ro\/wp-content\/uploads\/sites\/97\/2024\/10\/Header.jpg\",\"width\":1900,\"height\":1267},{\"@type\":\"BreadcrumbList\",\"@id\":\"https:\/\/www.swissotel-poianabrasov.ro\/de\/purovel-spa-sport\/#breadcrumb\",\"itemListElement\":[{\"@type\":\"ListItem\",\"position\":1,\"name\":\"Home\",\"item\":\"https:\/\/www.swissotel-poianabrasov.ro\/de\/\"},{\"@type\":\"ListItem\",\"position\":2,\"name\":\"P\u00fcrovel Spa &amp; Sport\"}]},{\"@type\":\"WebSite\",\"@id\":\"https:\/\/www.swissotel-poianabrasov.ro\/#website\",\"url\":\"https:\/\/www.swissotel-poianabrasov.ro\/\",\"name\":\"Swiss\u00f4tel Poiana Brasov\",\"description\":\"\",\"potentialAction\":[{\"@type\":\"SearchAction\",\"target\":{\"@type\":\"EntryPoint\",\"urlTemplate\":\"https:\/\/www.swissotel-poianabrasov.ro\/?s={search_term_string}\"},\"query-input\":{\"@type\":\"PropertyValueSpecification\",\"valueRequired\":true,\"valueName\":\"search_term_string\"}}],\"inLanguage\":\"de-DE\"}]}<\/script>\n<!-- \/ Yoast SEO plugin. -->","yoast_head_json":{"title":"P\u00fcrovel Spa &amp; Sport - Swiss\u00f4tel Poiana Brasov","robots":{"index":"index","follow":"follow","max-snippet":"max-snippet:-1","max-image-preview":"max-image-preview:large","max-video-preview":"max-video-preview:-1"},"canonical":"https:\/\/www.swissotel-poianabrasov.ro\/de\/purovel-spa-sport\/","og_locale":"de_DE","og_type":"article","og_title":"P\u00fcrovel Spa &amp; Sport - Swiss\u00f4tel Poiana Brasov","og_description":"Erleben Sie die perfekte Harmonie von Natur und Ruhe im P\u00fcrovel Spa &amp; Sport Ein Boutique-Spa, das rund um das Konzept der Intimit\u00e4t gestaltet wurde und das Wellness-Erlebnis im Herzen der Karpaten neu definiert. G\u00f6nnen Sie sich Momente der Entspannung und Erholung in einer eleganten und ruhigen Atmosph\u00e4re. Der Zugang zum Spa ist t\u00e4glich von [&hellip;]","og_url":"https:\/\/www.swissotel-poianabrasov.ro\/de\/purovel-spa-sport\/","og_site_name":"Swiss\u00f4tel Poiana Brasov","article_modified_time":"2026-02-03T13:57:21+00:00","og_image":[{"width":1900,"height":1267,"url":"https:\/\/www.swissotel-poianabrasov.ro\/wp-content\/uploads\/sites\/97\/2024\/10\/Header.jpg","type":"image\/jpeg"}],"twitter_card":"summary_large_image","twitter_misc":{"Gesch\u00e4tzte Lesezeit":"2 Minuten"},"schema":{"@context":"https:\/\/schema.org","@graph":[{"@type":"WebPage","@id":"https:\/\/www.swissotel-poianabrasov.ro\/de\/purovel-spa-sport\/","url":"https:\/\/www.swissotel-poianabrasov.ro\/de\/purovel-spa-sport\/","name":"P\u00fcrovel Spa &amp; Sport - Swiss\u00f4tel Poiana Brasov","isPartOf":{"@id":"https:\/\/www.swissotel-poianabrasov.ro\/#website"},"primaryImageOfPage":{"@id":"https:\/\/www.swissotel-poianabrasov.ro\/de\/purovel-spa-sport\/#primaryimage"},"image":{"@id":"https:\/\/www.swissotel-poianabrasov.ro\/de\/purovel-spa-sport\/#primaryimage"},"thumbnailUrl":"https:\/\/www.swissotel-poianabrasov.ro\/wp-content\/uploads\/sites\/97\/2024\/10\/Header.jpg","datePublished":"2024-05-27T09:54:57+00:00","dateModified":"2026-02-03T13:57:21+00:00","breadcrumb":{"@id":"https:\/\/www.swissotel-poianabrasov.ro\/de\/purovel-spa-sport\/#breadcrumb"},"inLanguage":"de-DE","potentialAction":[{"@type":"ReadAction","target":["https:\/\/www.swissotel-poianabrasov.ro\/de\/purovel-spa-sport\/"]}]},{"@type":"ImageObject","inLanguage":"de-DE","@id":"https:\/\/www.swissotel-poianabrasov.ro\/de\/purovel-spa-sport\/#primaryimage","url":"https:\/\/www.swissotel-poianabrasov.ro\/wp-content\/uploads\/sites\/97\/2024\/10\/Header.jpg","contentUrl":"https:\/\/www.swissotel-poianabrasov.ro\/wp-content\/uploads\/sites\/97\/2024\/10\/Header.jpg","width":1900,"height":1267},{"@type":"BreadcrumbList","@id":"https:\/\/www.swissotel-poianabrasov.ro\/de\/purovel-spa-sport\/#breadcrumb","itemListElement":[{"@type":"ListItem","position":1,"name":"Home","item":"https:\/\/www.swissotel-poianabrasov.ro\/de\/"},{"@type":"ListItem","position":2,"name":"P\u00fcrovel Spa &amp; Sport"}]},{"@type":"WebSite","@id":"https:\/\/www.swissotel-poianabrasov.ro\/#website","url":"https:\/\/www.swissotel-poianabrasov.ro\/","name":"Swiss\u00f4tel Poiana Brasov","description":"","potentialAction":[{"@type":"SearchAction","target":{"@type":"EntryPoint","urlTemplate":"https:\/\/www.swissotel-poianabrasov.ro\/?s={search_term_string}"},"query-input":{"@type":"PropertyValueSpecification","valueRequired":true,"valueName":"search_term_string"}}],"inLanguage":"de-DE"}]}},"_links":{"self":[{"href":"https:\/\/www.swissotel-poianabrasov.ro\/de\/wp-json\/wp\/v2\/pages\/412","targetHints":{"allow":["GET"]}}],"collection":[{"href":"https:\/\/www.swissotel-poianabrasov.ro\/de\/wp-json\/wp\/v2\/pages"}],"about":[{"href":"https:\/\/www.swissotel-poianabrasov.ro\/de\/wp-json\/wp\/v2\/types\/page"}],"author":[{"embeddable":true,"href":"https:\/\/www.swissotel-poianabrasov.ro\/de\/wp-json\/wp\/v2\/users\/50"}],"replies":[{"embeddable":true,"href":"https:\/\/www.swissotel-poianabrasov.ro\/de\/wp-json\/wp\/v2\/comments?post=412"}],"version-history":[{"count":0,"href":"https:\/\/www.swissotel-poianabrasov.ro\/de\/wp-json\/wp\/v2\/pages\/412\/revisions"}],"wp:featuredmedia":[{"embeddable":true,"href":"https:\/\/www.swissotel-poianabrasov.ro\/de\/wp-json\/wp\/v2\/media\/583"}],"wp:attachment":[{"href":"https:\/\/www.swissotel-poianabrasov.ro\/de\/wp-json\/wp\/v2\/media?parent=412"}],"wp:term":[{"taxonomy":"category","embeddable":true,"href":"https:\/\/www.swissotel-poianabrasov.ro\/de\/wp-json\/wp\/v2\/categories?post=412"}],"curies":[{"name":"wp","href":"https:\/\/api.w.org\/{rel}","templated":true}]}}