{"id":415,"date":"2024-03-11T11:26:49","date_gmt":"2024-03-11T11:26:49","guid":{"rendered":"https:\/\/swissotel-poiana-brasov.accorv2prod.decms.eu\/sample-page\/"},"modified":"2026-03-20T07:44:49","modified_gmt":"2026-03-20T07:44:49","slug":"sample-page","status":"publish","type":"page","link":"https:\/\/www.swissotel-poianabrasov.ro\/de\/","title":{"rendered":"Swiss\u00f4tel Poiana Bra\u0219ov"},"content":{"rendered":"<p>Belebende Natur und erstklassiger Komfort.\u00a0Herrliche Aussicht auf die Berge und ein einladendes Ambiente.\u00a0Modern und gleichzeitig authentisch.\u00a0Eine harmonische Mischung aus rum\u00e4nischen Traditionen und Schweizer Pr\u00e4zision.<\/p>\n<p>Ein Hotel wie eine Geschichte, in dem jedes Detail z\u00e4hlt und jeder Moment ein einzigartiges Erlebnis ist, das Sie einl\u00e4dt, seine Hauptfigur zu sein.<\/p>\n<p>&nbsp;<\/p>\n<blockquote><p><em>Als erstes F\u00fcnf-Sterne-Hotel in Poiana Bra\u0219ov definiert das Swissotel alpinen Luxus neu \u2013 mit leiser Eleganz, klarer Linienf\u00fchrung und tief verwurzelter Inspiration aus dem transsilvanischen Erbe. Hier verschmilzt moderne Raffinesse mit dem urspr\u00fcnglichen Charme der Karpaten \u2013 f\u00fcr ein au\u00dfergew\u00f6hnlich stilvolles Bergerlebnis.<\/em><\/p><\/blockquote>\n<p style=\"text-align: center\"><strong>Shane Labrooy<\/strong> &#8211; General Manager<\/p>\n","protected":false},"excerpt":{"rendered":"<p>Belebende Natur und erstklassiger Komfort.\u00a0Herrliche Aussicht auf die Berge und ein einladendes Ambiente.\u00a0Modern und gleichzeitig authentisch.\u00a0Eine harmonische Mischung aus rum\u00e4nischen Traditionen und Schweizer Pr\u00e4zision. Ein Hotel wie eine Geschichte, in dem jedes Detail z\u00e4hlt und jeder Moment ein einzigartiges Erlebnis ist, das Sie einl\u00e4dt, seine Hauptfigur zu sein. &nbsp; Als erstes F\u00fcnf-Sterne-Hotel in Poiana Bra\u0219ov [&hellip;]<\/p>\n","protected":false},"author":50,"featured_media":1476,"parent":0,"menu_order":0,"comment_status":"closed","ping_status":"closed","template":"","meta":{"footnotes":""},"categories":[],"class_list":["post-415","page","type-page","status-publish","has-post-thumbnail","hentry"],"acf":[],"yoast_head":"<!-- This site is optimized with the Yoast SEO plugin v26.9 - https:\/\/yoast.com\/product\/yoast-seo-wordpress\/ -->\n<title>Swiss\u00f4tel Poiana Bra\u0219ov - Swiss\u00f4tel Poiana Brasov<\/title>\n<meta name=\"robots\" content=\"index, follow, max-snippet:-1, max-image-preview:large, max-video-preview:-1\" \/>\n<link rel=\"canonical\" href=\"https:\/\/www.swissotel-poianabrasov.ro\/de\/\" \/>\n<meta property=\"og:locale\" content=\"de_DE\" \/>\n<meta property=\"og:type\" content=\"article\" \/>\n<meta property=\"og:title\" content=\"Swiss\u00f4tel Poiana Bra\u0219ov - Swiss\u00f4tel Poiana Brasov\" \/>\n<meta property=\"og:description\" content=\"Belebende Natur und erstklassiger Komfort.\u00a0Herrliche Aussicht auf die Berge und ein einladendes Ambiente.\u00a0Modern und gleichzeitig authentisch.\u00a0Eine harmonische Mischung aus rum\u00e4nischen Traditionen und Schweizer Pr\u00e4zision. Ein Hotel wie eine Geschichte, in dem jedes Detail z\u00e4hlt und jeder Moment ein einzigartiges Erlebnis ist, das Sie einl\u00e4dt, seine Hauptfigur zu sein. &nbsp; Als erstes F\u00fcnf-Sterne-Hotel in Poiana Bra\u0219ov [&hellip;]\" \/>\n<meta property=\"og:url\" content=\"https:\/\/www.swissotel-poianabrasov.ro\/de\/\" \/>\n<meta property=\"og:site_name\" content=\"Swiss\u00f4tel Poiana Brasov\" \/>\n<meta property=\"article:modified_time\" content=\"2026-03-20T07:44:49+00:00\" \/>\n<meta property=\"og:image\" content=\"https:\/\/www.swissotel-poianabrasov.ro\/wp-content\/uploads\/sites\/97\/2025\/05\/1-2.png\" \/>\n\t<meta property=\"og:image:width\" content=\"884\" \/>\n\t<meta property=\"og:image:height\" content=\"574\" \/>\n\t<meta property=\"og:image:type\" content=\"image\/png\" \/>\n<meta name=\"twitter:card\" content=\"summary_large_image\" \/>\n<meta name=\"twitter:label1\" content=\"Gesch\u00e4tzte Lesezeit\" \/>\n\t<meta name=\"twitter:data1\" content=\"1 Minute\" \/>\n<script type=\"application\/ld+json\" class=\"yoast-schema-graph\">{\"@context\":\"https:\/\/schema.org\",\"@graph\":[{\"@type\":\"WebPage\",\"@id\":\"https:\/\/www.swissotel-poianabrasov.ro\/de\/\",\"url\":\"https:\/\/www.swissotel-poianabrasov.ro\/de\/\",\"name\":\"Swiss\u00f4tel Poiana Bra\u0219ov - Swiss\u00f4tel Poiana Brasov\",\"isPartOf\":{\"@id\":\"https:\/\/www.swissotel-poianabrasov.ro\/#website\"},\"primaryImageOfPage\":{\"@id\":\"https:\/\/www.swissotel-poianabrasov.ro\/de\/#primaryimage\"},\"image\":{\"@id\":\"https:\/\/www.swissotel-poianabrasov.ro\/de\/#primaryimage\"},\"thumbnailUrl\":\"https:\/\/www.swissotel-poianabrasov.ro\/wp-content\/uploads\/sites\/97\/2025\/05\/1-2.png\",\"datePublished\":\"2024-03-11T11:26:49+00:00\",\"dateModified\":\"2026-03-20T07:44:49+00:00\",\"breadcrumb\":{\"@id\":\"https:\/\/www.swissotel-poianabrasov.ro\/de\/#breadcrumb\"},\"inLanguage\":\"de-DE\",\"potentialAction\":[{\"@type\":\"ReadAction\",\"target\":[\"https:\/\/www.swissotel-poianabrasov.ro\/de\/\"]}]},{\"@type\":\"ImageObject\",\"inLanguage\":\"de-DE\",\"@id\":\"https:\/\/www.swissotel-poianabrasov.ro\/de\/#primaryimage\",\"url\":\"https:\/\/www.swissotel-poianabrasov.ro\/wp-content\/uploads\/sites\/97\/2025\/05\/1-2.png\",\"contentUrl\":\"https:\/\/www.swissotel-poianabrasov.ro\/wp-content\/uploads\/sites\/97\/2025\/05\/1-2.png\",\"width\":884,\"height\":574},{\"@type\":\"BreadcrumbList\",\"@id\":\"https:\/\/www.swissotel-poianabrasov.ro\/de\/#breadcrumb\",\"itemListElement\":[{\"@type\":\"ListItem\",\"position\":1,\"name\":\"Home\",\"item\":\"https:\/\/www.swissotel-poianabrasov.ro\/de\/\"},{\"@type\":\"ListItem\",\"position\":2,\"name\":\"Swiss\u00f4tel Poiana Bra\u0219ov\"}]},{\"@type\":\"WebSite\",\"@id\":\"https:\/\/www.swissotel-poianabrasov.ro\/#website\",\"url\":\"https:\/\/www.swissotel-poianabrasov.ro\/\",\"name\":\"Swiss\u00f4tel Poiana Brasov\",\"description\":\"\",\"potentialAction\":[{\"@type\":\"SearchAction\",\"target\":{\"@type\":\"EntryPoint\",\"urlTemplate\":\"https:\/\/www.swissotel-poianabrasov.ro\/?s={search_term_string}\"},\"query-input\":{\"@type\":\"PropertyValueSpecification\",\"valueRequired\":true,\"valueName\":\"search_term_string\"}}],\"inLanguage\":\"de-DE\"}]}<\/script>\n<!-- \/ Yoast SEO plugin. -->","yoast_head_json":{"title":"Swiss\u00f4tel Poiana Bra\u0219ov - Swiss\u00f4tel Poiana Brasov","robots":{"index":"index","follow":"follow","max-snippet":"max-snippet:-1","max-image-preview":"max-image-preview:large","max-video-preview":"max-video-preview:-1"},"canonical":"https:\/\/www.swissotel-poianabrasov.ro\/de\/","og_locale":"de_DE","og_type":"article","og_title":"Swiss\u00f4tel Poiana Bra\u0219ov - Swiss\u00f4tel Poiana Brasov","og_description":"Belebende Natur und erstklassiger Komfort.\u00a0Herrliche Aussicht auf die Berge und ein einladendes Ambiente.\u00a0Modern und gleichzeitig authentisch.\u00a0Eine harmonische Mischung aus rum\u00e4nischen Traditionen und Schweizer Pr\u00e4zision. Ein Hotel wie eine Geschichte, in dem jedes Detail z\u00e4hlt und jeder Moment ein einzigartiges Erlebnis ist, das Sie einl\u00e4dt, seine Hauptfigur zu sein. &nbsp; Als erstes F\u00fcnf-Sterne-Hotel in Poiana Bra\u0219ov [&hellip;]","og_url":"https:\/\/www.swissotel-poianabrasov.ro\/de\/","og_site_name":"Swiss\u00f4tel Poiana Brasov","article_modified_time":"2026-03-20T07:44:49+00:00","og_image":[{"width":884,"height":574,"url":"https:\/\/www.swissotel-poianabrasov.ro\/wp-content\/uploads\/sites\/97\/2025\/05\/1-2.png","type":"image\/png"}],"twitter_card":"summary_large_image","twitter_misc":{"Gesch\u00e4tzte Lesezeit":"1 Minute"},"schema":{"@context":"https:\/\/schema.org","@graph":[{"@type":"WebPage","@id":"https:\/\/www.swissotel-poianabrasov.ro\/de\/","url":"https:\/\/www.swissotel-poianabrasov.ro\/de\/","name":"Swiss\u00f4tel Poiana Bra\u0219ov - Swiss\u00f4tel Poiana Brasov","isPartOf":{"@id":"https:\/\/www.swissotel-poianabrasov.ro\/#website"},"primaryImageOfPage":{"@id":"https:\/\/www.swissotel-poianabrasov.ro\/de\/#primaryimage"},"image":{"@id":"https:\/\/www.swissotel-poianabrasov.ro\/de\/#primaryimage"},"thumbnailUrl":"https:\/\/www.swissotel-poianabrasov.ro\/wp-content\/uploads\/sites\/97\/2025\/05\/1-2.png","datePublished":"2024-03-11T11:26:49+00:00","dateModified":"2026-03-20T07:44:49+00:00","breadcrumb":{"@id":"https:\/\/www.swissotel-poianabrasov.ro\/de\/#breadcrumb"},"inLanguage":"de-DE","potentialAction":[{"@type":"ReadAction","target":["https:\/\/www.swissotel-poianabrasov.ro\/de\/"]}]},{"@type":"ImageObject","inLanguage":"de-DE","@id":"https:\/\/www.swissotel-poianabrasov.ro\/de\/#primaryimage","url":"https:\/\/www.swissotel-poianabrasov.ro\/wp-content\/uploads\/sites\/97\/2025\/05\/1-2.png","contentUrl":"https:\/\/www.swissotel-poianabrasov.ro\/wp-content\/uploads\/sites\/97\/2025\/05\/1-2.png","width":884,"height":574},{"@type":"BreadcrumbList","@id":"https:\/\/www.swissotel-poianabrasov.ro\/de\/#breadcrumb","itemListElement":[{"@type":"ListItem","position":1,"name":"Home","item":"https:\/\/www.swissotel-poianabrasov.ro\/de\/"},{"@type":"ListItem","position":2,"name":"Swiss\u00f4tel Poiana Bra\u0219ov"}]},{"@type":"WebSite","@id":"https:\/\/www.swissotel-poianabrasov.ro\/#website","url":"https:\/\/www.swissotel-poianabrasov.ro\/","name":"Swiss\u00f4tel Poiana Brasov","description":"","potentialAction":[{"@type":"SearchAction","target":{"@type":"EntryPoint","urlTemplate":"https:\/\/www.swissotel-poianabrasov.ro\/?s={search_term_string}"},"query-input":{"@type":"PropertyValueSpecification","valueRequired":true,"valueName":"search_term_string"}}],"inLanguage":"de-DE"}]}},"_links":{"self":[{"href":"https:\/\/www.swissotel-poianabrasov.ro\/de\/wp-json\/wp\/v2\/pages\/415","targetHints":{"allow":["GET"]}}],"collection":[{"href":"https:\/\/www.swissotel-poianabrasov.ro\/de\/wp-json\/wp\/v2\/pages"}],"about":[{"href":"https:\/\/www.swissotel-poianabrasov.ro\/de\/wp-json\/wp\/v2\/types\/page"}],"author":[{"embeddable":true,"href":"https:\/\/www.swissotel-poianabrasov.ro\/de\/wp-json\/wp\/v2\/users\/50"}],"replies":[{"embeddable":true,"href":"https:\/\/www.swissotel-poianabrasov.ro\/de\/wp-json\/wp\/v2\/comments?post=415"}],"version-history":[{"count":2,"href":"https:\/\/www.swissotel-poianabrasov.ro\/de\/wp-json\/wp\/v2\/pages\/415\/revisions"}],"predecessor-version":[{"id":2041,"href":"https:\/\/www.swissotel-poianabrasov.ro\/de\/wp-json\/wp\/v2\/pages\/415\/revisions\/2041"}],"wp:featuredmedia":[{"embeddable":true,"href":"https:\/\/www.swissotel-poianabrasov.ro\/de\/wp-json\/wp\/v2\/media\/1476"}],"wp:attachment":[{"href":"https:\/\/www.swissotel-poianabrasov.ro\/de\/wp-json\/wp\/v2\/media?parent=415"}],"wp:term":[{"taxonomy":"category","embeddable":true,"href":"https:\/\/www.swissotel-poianabrasov.ro\/de\/wp-json\/wp\/v2\/categories?post=415"}],"curies":[{"name":"wp","href":"https:\/\/api.w.org\/{rel}","templated":true}]}}