{"id":996,"date":"2025-01-28T07:06:03","date_gmt":"2025-01-28T07:06:03","guid":{"rendered":"https:\/\/www.swissotel-poianabrasov.ro\/?page_id=996"},"modified":"2025-02-14T10:26:19","modified_gmt":"2025-02-14T10:26:19","slug":"press","status":"publish","type":"page","link":"https:\/\/www.swissotel-poianabrasov.ro\/en\/press\/","title":{"rendered":"Press"},"content":{"rendered":"<p>Welcome to the Swissotel Poiana Bra\u0219ov Hotel&#8217;s press page, where you will find all the information and news about our media appearances. We are proud to share with you reviews, articles, and interviews that reflect our commitment to excellence and quality. From local publications to international magazines, each mention is a testament to the unforgettable experience we provide to our guests.<\/p>\n<p><a href=\"https:\/\/lunawood.com\/project\/swissotel-poiana-brasov\/\" target=\"_blank\" rel=\"noopener\">Swiss\u00f4tel Poiana Bra\u0219ov &#8211; Lunawood<\/a><br \/>\n<strong>Lunawood<\/strong>, <em>02\/05\/2024<\/em><\/p>\n<p><a href=\"https:\/\/da.zf.ro\/dupa-afaceri\/arts-design\/noile-proiecte-hoteliere-lux-vin-design-aproape-tras-indigo-inspirat-22524608\" target=\"_blank\" rel=\"noopener\">Noile proiecte hoteliere de lux vin cu design aproape tras la indigo inspirat de Swissotel Poiana Bra\u0219ov<\/a><br \/>\n<strong>Dup\u0103 Afaceri<\/strong>, <em>10\/02\/2025<\/em><\/p>\n<p><a href=\"https:\/\/www.hauteculturemag.ro\/swissotel-din-poiana-brasov-cu-funda-de-craciun.html\" target=\"_blank\" rel=\"noopener\">Swissotel din Poiana Bra\u0219ov cu fund\u0103 de Cr\u0103ciun<\/a><br \/>\n<strong>Haute Culture Mag<\/strong>, <em>05\/02\/2025<\/em><\/p>\n<p><a href=\"https:\/\/www.curatorialist.ro\/destinatii-de-vacanta-swissotel-poiana-brasov-patrimoniul-transilvanean-reinterpretat-intr-o-viziune-contemporana\/\" target=\"_blank\" rel=\"noopener\">Destina\u021bii de vacan\u021b\u0103: Swissotel Poiana Bra\u0219ov &#8211; Patrimoniul transilv\u0103nean reinterpretat \u00eentr-o viziune contemporan\u0103<\/a><br \/>\n<strong>Curatorialist<\/strong>, <em>30\/01\/2025<\/em><\/p>\n<p><a href=\"https:\/\/cpp-luxury.com\/swissotel-poiana-brasov-one-of-romanias-finest-luxury-mountain-resorts-review\/\" target=\"_blank\" rel=\"noopener\">Swissotel Poiana Bra\u0219ov: One of Romania&#8217;s finest luxury mountain resorts &#8211; Review<\/a><br \/>\n<strong>CPP Luxury<\/strong>, <em>25\/01\/2025<\/em><\/p>\n<p><a href=\"https:\/\/www.romania-insider.com\/swissotel-poiana-brasov-offers-quiet-luxury-experience-and-signals-brand-direction-romania-and\" target=\"_blank\" rel=\"noopener\">Swissotel Poiana Bra\u0219ov offers quiet luxury experience and signals brand direction in Romania<\/a><br \/>\n<strong>Romania Insider<\/strong>, <em>20\/01\/2025<\/em><\/p>\n<p><a href=\"https:\/\/www.wall-street.ro\/articol\/Turism\/310545\/galerie-foto-s-a-deschis-primul-hotel-de-5-stele-din-poiana-brasov-si-primul-swiss-tel-din-romania.html\" target=\"_blank\" rel=\"noopener\">S-a deschis primul hotel de 5 stele din Poiana Bra\u0219ov \u0219i primul Swissotel din Rom\u00e2nia<\/a><br \/>\n<strong>Wall-Street.ro<\/strong>, <em>15\/01\/2025<\/em><\/p>\n<p><a href=\"https:\/\/www.newmoney.gr\/fine-living\/mia-politelis-empiria-anazoogonisi\/\" target=\"_blank\" rel=\"noopener\">Mia polytelis empeiria anazoogonisi<\/a><br \/>\n<strong>New Money GR<\/strong>, <em>10\/01\/2025<\/em><\/p>\n<p><a href=\"https:\/\/www.travel.gr\/experiences\/mprasov-ena-christoygenniatiko-param\/\" target=\"_blank\" rel=\"noopener\">Bra\u0219ov: A Christmas fairytale<\/a><br \/>\n<strong>Travel GR<\/strong>, <em>25\/12\/2024<\/em><\/p>\n<p><a href=\"https:\/\/bucatedeprinsate.ro\/2024\/12\/12\/cea-mai-spectaculoasa-decoratiune-de-craciun-din-transilvania-o-fuziune-de-lux-discret-traditie-si-arta\/\" target=\"_blank\" rel=\"noopener\">Cea mai spectaculoas\u0103 decora\u021biune de Cr\u0103ciun din Transilvania: O fuziune de lux discret, tradi\u021bie \u0219i art\u0103<\/a><br \/>\n<strong>Bucate de Prin Sate<\/strong>, <em>12\/12\/2024<\/em><\/p>\n<p><a href=\"https:\/\/designist.ro\/cum-transformi-un-hotel-intr-un-cadou-de-craciun-swissotel-poiana-brasov\/\" target=\"_blank\" rel=\"noopener\">Cum transformi un hotel \u00eentr-un cadou de Cr\u0103ciun: Swissotel Poiana Bra\u0219ov<\/a><br \/>\n<strong>Designist<\/strong>, <em>05\/12\/2024<\/em><\/p>\n<p><a href=\"https:\/\/www.dreamingof.net\/the-calm-oasis-in-the-mountains-7-things-i-loved-at-the-first-swissotel-hotel-in-romania\/\" target=\"_blank\" rel=\"noopener\">The calm oasis in the mountains: 7 things I loved at the first Swissotel hotel in Romania<\/a><br \/>\n<strong>Dreaming Of<\/strong>, <em>05\/01\/2024<\/em><\/p>\n<p><a href=\"https:\/\/www.romania-insider.com\/swissotel-poiana-brasov-offers-quiet-luxury-experience-and-signals-brand-direction-romania-and\" target=\"_blank\" rel=\"noopener\">Swissotel Poiana Bra\u0219ov offers quiet luxury experience and signals brand direction in Romania<\/a><br \/>\n<strong>Romania Insider<\/strong>, <em>10\/01\/2024<\/em><\/p>\n<p><a href=\"https:\/\/www.vogue.pl\/a\/swissotel-poiana-braov-to-pierwszy-hotel-szwajcarskiej-marki-premium-w-rumunii\" target=\"_blank\" rel=\"noopener\">Swissotel Poiana Bra\u0219ov: The first Swiss premium brand hotel in Romania<\/a><br \/>\n<strong>Vogue Poland<\/strong>, <em>20\/01\/2024<\/em><\/p>\n<p><a href=\"https:\/\/www.familygo.eu\/vacanze-con-bambini\/viaggi\/romania\/castello-di-bran-conte-dracula-e-brasov\/\" target=\"_blank\" rel=\"noopener\">Castello di Bran, Conte Dracula e Bra\u0219ov<\/a><br \/>\n<strong>Family Go<\/strong>, <em>25\/01\/2024<\/em><\/p>\n<p><a href=\"https:\/\/perfecte.protv.ro\/familie\/cum-sa-transformi-un-hotel-intr-un-cadou-de-craciun.html\" target=\"_blank\" rel=\"noopener\">Cum s\u0103 transformi un hotel \u00eentr-un cadou de Cr\u0103ciun<\/a><br \/>\n<strong>ProTV<\/strong>, <em>10\/12\/2023<\/em><\/p>\n<p><a href=\"https:\/\/romanialibera.ro\/lifestyle\/locul-ce-aduce-stralucirea-si-farmecul-alpilor-in-inima-romaniei\/\" target=\"_blank\" rel=\"noopener\">Locul ce aduce str\u0103lucirea \u0219i farmecul Alpilor \u00een inima Rom\u00e2niei<\/a><br \/>\n<strong>Rom\u00e2nia Liber\u0103<\/strong>, <em>15\/12\/2023<\/em><\/p>\n<p><a href=\"https:\/\/www.alistmagazine.ro\/lifestyle\/swissotel-poiana-brasov-o-noua-era-a-ospitalitatii-incepe-in-poiana-brasov\/\" target=\"_blank\" rel=\"noopener\">Swissotel Poiana Bra\u0219ov: O nou\u0103 er\u0103 a ospitalit\u0103\u021bii \u00eencepe \u00een Poiana Bra\u0219ov<\/a><br \/>\n<strong>A List Magazine<\/strong>, <em>30\/11\/2023<\/em><\/p>\n<p><a href=\"https:\/\/www.alistmagazine.ro\/lifestyle\/poiana-brasov-imbracata-in-spirit-festiv-cum-redefineste-swissotel-poiana-brasov-magia-craciunului\/\" target=\"_blank\" rel=\"noopener\">Poiana Bra\u0219ov \u00eembr\u0103cat\u0103 \u00een spirit festiv: Cum redefine\u0219te Swissotel Poiana Bra\u0219ov magia Cr\u0103ciunului<\/a><br \/>\n<strong>A List Magazine<\/strong>, <em>25\/12\/2023<\/em><\/p>\n","protected":false},"excerpt":{"rendered":"<p>Welcome to the Swissotel Poiana Bra\u0219ov Hotel&#8217;s press page, where you will find all the information and news about our media appearances. We are proud to share with you reviews, articles, and interviews that reflect our commitment to excellence and quality. From local publications to international magazines, each mention is a testament to the unforgettable [&hellip;]<\/p>\n","protected":false},"author":196,"featured_media":0,"parent":0,"menu_order":0,"comment_status":"closed","ping_status":"closed","template":"","meta":{"footnotes":""},"categories":[],"class_list":["post-996","page","type-page","status-publish","hentry"],"acf":[],"yoast_head":"<!-- This site is optimized with the Yoast SEO plugin v26.9 - https:\/\/yoast.com\/product\/yoast-seo-wordpress\/ -->\n<title>Press - Swiss\u00f4tel Poiana Brasov<\/title>\n<meta name=\"robots\" content=\"index, follow, max-snippet:-1, max-image-preview:large, max-video-preview:-1\" \/>\n<link rel=\"canonical\" href=\"https:\/\/www.swissotel-poianabrasov.ro\/en\/press\/\" \/>\n<meta property=\"og:locale\" content=\"en_US\" \/>\n<meta property=\"og:type\" content=\"article\" \/>\n<meta property=\"og:title\" content=\"Press - Swiss\u00f4tel Poiana Brasov\" \/>\n<meta property=\"og:description\" content=\"Welcome to the Swissotel Poiana Bra\u0219ov Hotel&#8217;s press page, where you will find all the information and news about our media appearances. We are proud to share with you reviews, articles, and interviews that reflect our commitment to excellence and quality. From local publications to international magazines, each mention is a testament to the unforgettable [&hellip;]\" \/>\n<meta property=\"og:url\" content=\"https:\/\/www.swissotel-poianabrasov.ro\/en\/press\/\" \/>\n<meta property=\"og:site_name\" content=\"Swiss\u00f4tel Poiana Brasov\" \/>\n<meta property=\"article:modified_time\" content=\"2025-02-14T10:26:19+00:00\" \/>\n<meta name=\"twitter:card\" content=\"summary_large_image\" \/>\n<meta name=\"twitter:label1\" content=\"Est. reading time\" \/>\n\t<meta name=\"twitter:data1\" content=\"2 minutes\" \/>\n<script type=\"application\/ld+json\" class=\"yoast-schema-graph\">{\"@context\":\"https:\/\/schema.org\",\"@graph\":[{\"@type\":\"WebPage\",\"@id\":\"https:\/\/www.swissotel-poianabrasov.ro\/en\/press\/\",\"url\":\"https:\/\/www.swissotel-poianabrasov.ro\/en\/press\/\",\"name\":\"Press - Swiss\u00f4tel Poiana Brasov\",\"isPartOf\":{\"@id\":\"https:\/\/www.swissotel-poianabrasov.ro\/#website\"},\"datePublished\":\"2025-01-28T07:06:03+00:00\",\"dateModified\":\"2025-02-14T10:26:19+00:00\",\"breadcrumb\":{\"@id\":\"https:\/\/www.swissotel-poianabrasov.ro\/en\/press\/#breadcrumb\"},\"inLanguage\":\"en-US\",\"potentialAction\":[{\"@type\":\"ReadAction\",\"target\":[\"https:\/\/www.swissotel-poianabrasov.ro\/en\/press\/\"]}]},{\"@type\":\"BreadcrumbList\",\"@id\":\"https:\/\/www.swissotel-poianabrasov.ro\/en\/press\/#breadcrumb\",\"itemListElement\":[{\"@type\":\"ListItem\",\"position\":1,\"name\":\"Home\",\"item\":\"https:\/\/www.swissotel-poianabrasov.ro\/en\/\"},{\"@type\":\"ListItem\",\"position\":2,\"name\":\"Press\"}]},{\"@type\":\"WebSite\",\"@id\":\"https:\/\/www.swissotel-poianabrasov.ro\/#website\",\"url\":\"https:\/\/www.swissotel-poianabrasov.ro\/\",\"name\":\"Swiss\u00f4tel Poiana Brasov\",\"description\":\"\",\"potentialAction\":[{\"@type\":\"SearchAction\",\"target\":{\"@type\":\"EntryPoint\",\"urlTemplate\":\"https:\/\/www.swissotel-poianabrasov.ro\/?s={search_term_string}\"},\"query-input\":{\"@type\":\"PropertyValueSpecification\",\"valueRequired\":true,\"valueName\":\"search_term_string\"}}],\"inLanguage\":\"en-US\"}]}<\/script>\n<!-- \/ Yoast SEO plugin. -->","yoast_head_json":{"title":"Press - Swiss\u00f4tel Poiana Brasov","robots":{"index":"index","follow":"follow","max-snippet":"max-snippet:-1","max-image-preview":"max-image-preview:large","max-video-preview":"max-video-preview:-1"},"canonical":"https:\/\/www.swissotel-poianabrasov.ro\/en\/press\/","og_locale":"en_US","og_type":"article","og_title":"Press - Swiss\u00f4tel Poiana Brasov","og_description":"Welcome to the Swissotel Poiana Bra\u0219ov Hotel&#8217;s press page, where you will find all the information and news about our media appearances. We are proud to share with you reviews, articles, and interviews that reflect our commitment to excellence and quality. From local publications to international magazines, each mention is a testament to the unforgettable [&hellip;]","og_url":"https:\/\/www.swissotel-poianabrasov.ro\/en\/press\/","og_site_name":"Swiss\u00f4tel Poiana Brasov","article_modified_time":"2025-02-14T10:26:19+00:00","twitter_card":"summary_large_image","twitter_misc":{"Est. reading time":"2 minutes"},"schema":{"@context":"https:\/\/schema.org","@graph":[{"@type":"WebPage","@id":"https:\/\/www.swissotel-poianabrasov.ro\/en\/press\/","url":"https:\/\/www.swissotel-poianabrasov.ro\/en\/press\/","name":"Press - Swiss\u00f4tel Poiana Brasov","isPartOf":{"@id":"https:\/\/www.swissotel-poianabrasov.ro\/#website"},"datePublished":"2025-01-28T07:06:03+00:00","dateModified":"2025-02-14T10:26:19+00:00","breadcrumb":{"@id":"https:\/\/www.swissotel-poianabrasov.ro\/en\/press\/#breadcrumb"},"inLanguage":"en-US","potentialAction":[{"@type":"ReadAction","target":["https:\/\/www.swissotel-poianabrasov.ro\/en\/press\/"]}]},{"@type":"BreadcrumbList","@id":"https:\/\/www.swissotel-poianabrasov.ro\/en\/press\/#breadcrumb","itemListElement":[{"@type":"ListItem","position":1,"name":"Home","item":"https:\/\/www.swissotel-poianabrasov.ro\/en\/"},{"@type":"ListItem","position":2,"name":"Press"}]},{"@type":"WebSite","@id":"https:\/\/www.swissotel-poianabrasov.ro\/#website","url":"https:\/\/www.swissotel-poianabrasov.ro\/","name":"Swiss\u00f4tel Poiana Brasov","description":"","potentialAction":[{"@type":"SearchAction","target":{"@type":"EntryPoint","urlTemplate":"https:\/\/www.swissotel-poianabrasov.ro\/?s={search_term_string}"},"query-input":{"@type":"PropertyValueSpecification","valueRequired":true,"valueName":"search_term_string"}}],"inLanguage":"en-US"}]}},"_links":{"self":[{"href":"https:\/\/www.swissotel-poianabrasov.ro\/en\/wp-json\/wp\/v2\/pages\/996","targetHints":{"allow":["GET"]}}],"collection":[{"href":"https:\/\/www.swissotel-poianabrasov.ro\/en\/wp-json\/wp\/v2\/pages"}],"about":[{"href":"https:\/\/www.swissotel-poianabrasov.ro\/en\/wp-json\/wp\/v2\/types\/page"}],"author":[{"embeddable":true,"href":"https:\/\/www.swissotel-poianabrasov.ro\/en\/wp-json\/wp\/v2\/users\/196"}],"replies":[{"embeddable":true,"href":"https:\/\/www.swissotel-poianabrasov.ro\/en\/wp-json\/wp\/v2\/comments?post=996"}],"version-history":[{"count":0,"href":"https:\/\/www.swissotel-poianabrasov.ro\/en\/wp-json\/wp\/v2\/pages\/996\/revisions"}],"wp:attachment":[{"href":"https:\/\/www.swissotel-poianabrasov.ro\/en\/wp-json\/wp\/v2\/media?parent=996"}],"wp:term":[{"taxonomy":"category","embeddable":true,"href":"https:\/\/www.swissotel-poianabrasov.ro\/en\/wp-json\/wp\/v2\/categories?post=996"}],"curies":[{"name":"wp","href":"https:\/\/api.w.org\/{rel}","templated":true}]}}